{"id":1572,"date":"2024-08-21T13:19:15","date_gmt":"2024-08-21T13:19:15","guid":{"rendered":"https:\/\/vastgoedexperts.be\/?page_id=1572"},"modified":"2025-07-22T14:32:31","modified_gmt":"2025-07-22T14:32:31","slug":"inspection-cuve-mazout","status":"publish","type":"page","link":"https:\/\/vastgoedexperts.be\/fr\/mazouttankkeuring\/","title":{"rendered":"Inspection de la cuve \u00e0 mazout"},"content":{"rendered":"<div data-elementor-type=\"wp-page\" data-elementor-id=\"1572\" class=\"elementor elementor-1572\" data-elementor-post-type=\"page\">\n\t\t\t\t<div class=\"elementor-element elementor-element-d4b0209 e-flex e-con-boxed e-con e-parent\" data-id=\"d4b0209\" data-element_type=\"container\" data-e-type=\"container\" data-settings=\"{&quot;background_background&quot;:&quot;classic&quot;}\">\n\t\t\t\t\t<div class=\"e-con-inner\">\n\t\t<div class=\"elementor-element elementor-element-2c6baf9 e-con-full e-flex e-con e-child\" data-id=\"2c6baf9\" data-element_type=\"container\" data-e-type=\"container\">\n\t\t\t\t<div class=\"elementor-element elementor-element-a806a6a elementor-widget elementor-widget-heading\" data-id=\"a806a6a\" data-element_type=\"widget\" data-e-type=\"widget\" data-widget_type=\"heading.default\">\n\t\t\t\t<div class=\"elementor-widget-container\">\n\t\t\t\t\t<h1 class=\"elementor-heading-title elementor-size-default\">Inspection de la cuve \u00e0 mazout<\/h1>\t\t\t\t<\/div>\n\t\t\t\t<\/div>\n\t\t\t\t<div class=\"elementor-element elementor-element-52fccfa elementor-widget elementor-widget-text-editor\" data-id=\"52fccfa\" data-element_type=\"widget\" data-e-type=\"widget\" data-widget_type=\"text-editor.default\">\n\t\t\t\t<div class=\"elementor-widget-container\">\n\t\t\t\t\t\t\t\t\t<p>Demandez votre inspection de r\u00e9servoir de carburant maintenant<\/p>\t\t\t\t\t\t\t\t<\/div>\n\t\t\t\t<\/div>\n\t\t\t\t<div class=\"elementor-element elementor-element-315dc59 elementor-align-left elementor-widget elementor-widget-button\" data-id=\"315dc59\" data-element_type=\"widget\" data-e-type=\"widget\" data-widget_type=\"button.default\">\n\t\t\t\t<div class=\"elementor-widget-container\">\n\t\t\t\t\t\t\t\t\t<div class=\"elementor-button-wrapper\">\n\t\t\t\t\t<a class=\"elementor-button elementor-button-link elementor-size-sm\" href=\"#popup\">\n\t\t\t\t\t\t<span class=\"elementor-button-content-wrapper\">\n\t\t\t\t\t\t\t\t\t<span class=\"elementor-button-text\">Demandez ici un contr\u00f4le de votre citerne<\/span>\n\t\t\t\t\t<\/span>\n\t\t\t\t\t<\/a>\n\t\t\t\t<\/div>\n\t\t\t\t\t\t\t\t<\/div>\n\t\t\t\t<\/div>\n\t\t\t\t<\/div>\n\t\t\t\t\t<\/div>\n\t\t\t\t<\/div>\n\t\t<div class=\"elementor-element elementor-element-f2bd552 e-con-full e-flex e-con e-parent\" data-id=\"f2bd552\" data-element_type=\"container\" data-e-type=\"container\">\n\t\t<div class=\"elementor-element elementor-element-08cf5b5 e-con-full e-flex e-con e-child\" data-id=\"08cf5b5\" data-element_type=\"container\" data-e-type=\"container\">\n\t\t\t\t<div class=\"elementor-element elementor-element-dcbbe64 vink elementor-widget elementor-widget-image\" data-id=\"dcbbe64\" data-element_type=\"widget\" data-e-type=\"widget\" data-widget_type=\"image.default\">\n\t\t\t\t<div class=\"elementor-widget-container\">\n\t\t\t\t\t\t\t\t\t\t\t\t\t\t\t<img fetchpriority=\"high\" decoding=\"async\" width=\"885\" height=\"709\" src=\"https:\/\/vastgoedexperts.be\/wp-content\/uploads\/2024\/08\/VE-fade.png\" class=\"attachment-large size-large wp-image-991\" alt=\"\" srcset=\"https:\/\/vastgoedexperts.be\/wp-content\/uploads\/2024\/08\/VE-fade.png 885w, https:\/\/vastgoedexperts.be\/wp-content\/uploads\/2024\/08\/VE-fade-300x240.png 300w, https:\/\/vastgoedexperts.be\/wp-content\/uploads\/2024\/08\/VE-fade-768x615.png 768w\" sizes=\"(max-width: 885px) 100vw, 885px\" \/>\t\t\t\t\t\t\t\t\t\t\t\t\t\t\t<\/div>\n\t\t\t\t<\/div>\n\t\t\t\t<\/div>\n\t\t\t\t<\/div>\n\t\t<div class=\"elementor-element elementor-element-ad9e7c3 e-flex e-con-boxed e-con e-parent\" data-id=\"ad9e7c3\" data-element_type=\"container\" data-e-type=\"container\" data-settings=\"{&quot;background_background&quot;:&quot;classic&quot;}\">\n\t\t\t\t\t<div class=\"e-con-inner\">\n\t\t<div class=\"elementor-element elementor-element-f329aba e-con-full e-flex e-con e-child\" data-id=\"f329aba\" data-element_type=\"container\" data-e-type=\"container\">\n\t\t\t\t<div class=\"elementor-element elementor-element-a8c9ade elementor-widget elementor-widget-heading\" data-id=\"a8c9ade\" data-element_type=\"widget\" data-e-type=\"widget\" data-widget_type=\"heading.default\">\n\t\t\t\t<div class=\"elementor-widget-container\">\n\t\t\t\t\t<h2 class=\"elementor-heading-title elementor-size-default\">Quelle est l'importance d'une inspection de la citerne \u00e0 mazout ?<\/h2>\t\t\t\t<\/div>\n\t\t\t\t<\/div>\n\t\t\t\t<div class=\"elementor-element elementor-element-6ab38bb elementor-align-left elementor-widget elementor-widget-button\" data-id=\"6ab38bb\" data-element_type=\"widget\" data-e-type=\"widget\" data-widget_type=\"button.default\">\n\t\t\t\t<div class=\"elementor-widget-container\">\n\t\t\t\t\t\t\t\t\t<div class=\"elementor-button-wrapper\">\n\t\t\t\t\t<a class=\"elementor-button elementor-button-link elementor-size-sm\" href=\"#\">\n\t\t\t\t\t\t<span class=\"elementor-button-content-wrapper\">\n\t\t\t\t\t\t\t\t\t<span class=\"elementor-button-text\">Demande d'inspection<\/span>\n\t\t\t\t\t<\/span>\n\t\t\t\t\t<\/a>\n\t\t\t\t<\/div>\n\t\t\t\t\t\t\t\t<\/div>\n\t\t\t\t<\/div>\n\t\t\t\t<div class=\"elementor-element elementor-element-1f3b2e8 elementor-widget elementor-widget-text-editor\" data-id=\"1f3b2e8\" data-element_type=\"widget\" data-e-type=\"widget\" data-widget_type=\"text-editor.default\">\n\t\t\t\t<div class=\"elementor-widget-container\">\n\t\t\t\t\t\t\t\t\t<p>Si vous choisissez de continuer \u00e0 chauffer votre maison au mazout, il est important de bien conna\u00eetre certaines obligations.<\/p><p>Chaque citerne \u00e0 mazout, qu'elle soit a\u00e9rienne ou souterraine, doit \u00eatre inspect\u00e9e imm\u00e9diatement apr\u00e8s son installation avant d'\u00eatre mise en service. M\u00eame apr\u00e8s la mise en service, vous devez faire inspecter r\u00e9guli\u00e8rement votre citerne \u00e0 mazout. La fr\u00e9quence exacte de l'inspection d\u00e9pend du contenu de la citerne et du fait qu'il s'agisse d'une citerne enterr\u00e9e ou d'une citerne de surface.<\/p><p>On entend par citerne enterr\u00e9e une citerne enti\u00e8rement enfouie dans le sol. Une citerne \u00e0 mazout situ\u00e9e dans un sous-sol n'est donc pas consid\u00e9r\u00e9e comme une citerne enterr\u00e9e.<\/p>\t\t\t\t\t\t\t\t<\/div>\n\t\t\t\t<\/div>\n\t\t\t\t<\/div>\n\t\t<div class=\"elementor-element elementor-element-9e2cc3d e-con-full e-flex e-con e-child\" data-id=\"9e2cc3d\" data-element_type=\"container\" data-e-type=\"container\" data-settings=\"{&quot;background_background&quot;:&quot;classic&quot;}\">\n\t\t\t\t<\/div>\n\t\t\t\t\t<\/div>\n\t\t\t\t<\/div>\n\t\t<div class=\"elementor-element elementor-element-2201048 blue-h3 e-flex e-con-boxed e-con e-parent\" data-id=\"2201048\" data-element_type=\"container\" data-e-type=\"container\" data-settings=\"{&quot;background_background&quot;:&quot;classic&quot;}\">\n\t\t\t\t\t<div class=\"e-con-inner\">\n\t\t<div class=\"elementor-element elementor-element-c33ab23 e-con-full e-flex e-con e-child\" data-id=\"c33ab23\" data-element_type=\"container\" data-e-type=\"container\">\n\t\t\t\t<div class=\"elementor-element elementor-element-cee27a5 elementor-view-default elementor-widget elementor-widget-icon\" data-id=\"cee27a5\" data-element_type=\"widget\" data-e-type=\"widget\" data-widget_type=\"icon.default\">\n\t\t\t\t<div class=\"elementor-widget-container\">\n\t\t\t\t\t\t\t<div class=\"elementor-icon-wrapper\">\n\t\t\t<div class=\"elementor-icon\">\n\t\t\t<svg aria-hidden=\"true\" class=\"e-font-icon-svg e-fas-less-than\" viewbox=\"0 0 384 512\" xmlns=\"http:\/\/www.w3.org\/2000\/svg\"><path d=\"M365.46 357.74L147.04 255.89l218.47-101.88c16.02-7.47 22.95-26.51 15.48-42.53l-13.52-29C360 66.46 340.96 59.53 324.94 67L18.48 209.91a32.014 32.014 0 0 0-18.48 29v34.24c0 12.44 7.21 23.75 18.48 29l306.31 142.83c16.06 7.49 35.15.54 42.64-15.52l13.56-29.08c7.49-16.06.54-35.15-15.53-42.64z\"><\/path><\/svg>\t\t\t<\/div>\n\t\t<\/div>\n\t\t\t\t\t\t<\/div>\n\t\t\t\t<\/div>\n\t\t\t\t<div class=\"elementor-element elementor-element-4385ee9 elementor-widget elementor-widget-heading\" data-id=\"4385ee9\" data-element_type=\"widget\" data-e-type=\"widget\" data-widget_type=\"heading.default\">\n\t\t\t\t<div class=\"elementor-widget-container\">\n\t\t\t\t\t<p class=\"elementor-heading-title elementor-size-default\">Moins de 6000 litres\n<\/p>\t\t\t\t<\/div>\n\t\t\t\t<\/div>\n\t\t\t\t<div class=\"elementor-element elementor-element-6273abd elementor-widget elementor-widget-text-editor\" data-id=\"6273abd\" data-element_type=\"widget\" data-e-type=\"widget\" data-widget_type=\"text-editor.default\">\n\t\t\t\t<div class=\"elementor-widget-container\">\n\t\t\t\t\t\t\t\t\t<h3>R\u00e9servoir souterrain<\/h3><p>S'agit-il d'une citerne \u00e0 mazout souterraine d'une capacit\u00e9 inf\u00e9rieure ou \u00e9gale \u00e0 6000 litres ? Dans ce cas, le r\u00e9servoir doit \u00eatre inspect\u00e9 tous les cinq ans. Le gouvernement flamand entend ainsi lutter contre le risque de pollution des eaux souterraines et du sol. Une citerne \u00e0 mazout souterraine mise en service avant le 1er ao\u00fbt 1995 devait faire l'objet d'un premier contr\u00f4le p\u00e9riodique avant le 1er ao\u00fbt 2002.<\/p><h3>R\u00e9servoir hors sol<\/h3><p>Vous disposez d'une citerne \u00e0 mazout hors sol de 6.000 litres ou moins ? Depuis le 1er mars 2009, vous ne devez plus la faire contr\u00f4ler p\u00e9riodiquement. Seule l'inspection au moment de l'installation est obligatoire. S'il s'agit d'une citerne \u00e0 mazout a\u00e9rienne mise en service avant le 1er mars 2009, c'est la \"date de la prochaine inspection\" figurant sur le dernier certificat d'entretien qui d\u00e9termine si une inspection est encore n\u00e9cessaire.<\/p><p>Le dernier certificat d'entretien indique-t-il que le prochain contr\u00f4le devait avoir lieu le 1er mars 2009 ou plus tard ? Dans ce cas, vous n'\u00eates pas oblig\u00e9 de faire contr\u00f4ler p\u00e9riodiquement votre citerne. Le dernier certificat d'entretien mentionne-t-il que le prochain contr\u00f4le devait avoir lieu avant le 1er mars 2009 ? Dans ce cas, vous \u00eates tenu de faire contr\u00f4ler une derni\u00e8re fois votre citerne \u00e0 mazout.<\/p>\t\t\t\t\t\t\t\t<\/div>\n\t\t\t\t<\/div>\n\t\t\t\t<\/div>\n\t\t<div class=\"elementor-element elementor-element-8a0de14 e-con-full e-flex e-con e-child\" data-id=\"8a0de14\" data-element_type=\"container\" data-e-type=\"container\">\n\t\t\t\t<div class=\"elementor-element elementor-element-8389b1d elementor-view-default elementor-widget elementor-widget-icon\" data-id=\"8389b1d\" data-element_type=\"widget\" data-e-type=\"widget\" data-widget_type=\"icon.default\">\n\t\t\t\t<div class=\"elementor-widget-container\">\n\t\t\t\t\t\t\t<div class=\"elementor-icon-wrapper\">\n\t\t\t<div class=\"elementor-icon\">\n\t\t\t<svg aria-hidden=\"true\" class=\"e-font-icon-svg e-fas-greater-than\" viewbox=\"0 0 384 512\" xmlns=\"http:\/\/www.w3.org\/2000\/svg\"><path d=\"M365.52 209.85L59.22 67.01c-16.06-7.49-35.15-.54-42.64 15.52L3.01 111.61c-7.49 16.06-.54 35.15 15.52 42.64L236.96 256.1 18.49 357.99C2.47 365.46-4.46 384.5 3.01 400.52l13.52 29C24 445.54 43.04 452.47 59.06 445l306.47-142.91a32.003 32.003 0 0 0 18.48-29v-34.23c-.01-12.45-7.21-23.76-18.49-29.01z\"><\/path><\/svg>\t\t\t<\/div>\n\t\t<\/div>\n\t\t\t\t\t\t<\/div>\n\t\t\t\t<\/div>\n\t\t\t\t<div class=\"elementor-element elementor-element-786cfce elementor-widget elementor-widget-heading\" data-id=\"786cfce\" data-element_type=\"widget\" data-e-type=\"widget\" data-widget_type=\"heading.default\">\n\t\t\t\t<div class=\"elementor-widget-container\">\n\t\t\t\t\t<p class=\"elementor-heading-title elementor-size-default\">Plus de 6 000 litres<\/p>\t\t\t\t<\/div>\n\t\t\t\t<\/div>\n\t\t\t\t<div class=\"elementor-element elementor-element-73ed211 elementor-widget elementor-widget-text-editor\" data-id=\"73ed211\" data-element_type=\"widget\" data-e-type=\"widget\" data-widget_type=\"text-editor.default\">\n\t\t\t\t<div class=\"elementor-widget-container\">\n\t\t\t\t\t\t\t\t\t<h3>R\u00e9servoir souterrain<\/h3><p>Votre cuve \u00e0 mazout contient plus de 6.000 litres et est enterr\u00e9e ? Dans ce cas, vous devez effectuer un contr\u00f4le limit\u00e9 tous les deux ans et un examen g\u00e9n\u00e9ral approfondi tous les 15 ans.<\/p><h3>R\u00e9servoir hors sol<\/h3><p>S'agit-il d'une citerne hors sol ? Dans ce cas, la citerne doit faire l'objet d'un contr\u00f4le limit\u00e9 tous les trois ans. Un grand examen g\u00e9n\u00e9ral n'est n\u00e9cessaire que si la citerne a une capacit\u00e9 sup\u00e9rieure \u00e0 20 000 litres. Dans ce cas, un grand examen g\u00e9n\u00e9ral doit \u00eatre effectu\u00e9 tous les 20 ans.<\/p><p>De plus amples informations sur les inspections des cuves \u00e0 mazout sont disponibles sur le site web de l'Agence europ\u00e9enne pour la s\u00e9curit\u00e9 et la sant\u00e9 au travail (ESA). <a href=\"https:\/\/www.vlaanderen.be\/controle-en-onderhoud-van-de-stookolietank-van-een-woning\" target=\"_blank\" rel=\"noopener\">Gouvernement flamand<\/a>.<\/p>\t\t\t\t\t\t\t\t<\/div>\n\t\t\t\t<\/div>\n\t\t\t\t<\/div>\n\t\t\t\t\t<\/div>\n\t\t\t\t<\/div>\n\t\t<div class=\"elementor-element elementor-element-92b46cf e-con-full e-flex e-con e-parent\" data-id=\"92b46cf\" data-element_type=\"container\" data-e-type=\"container\">\n\t\t\t\t<div class=\"elementor-element elementor-element-34a2f9b elementor-widget elementor-widget-image\" data-id=\"34a2f9b\" data-element_type=\"widget\" data-e-type=\"widget\" data-widget_type=\"image.default\">\n\t\t\t\t<div class=\"elementor-widget-container\">\n\t\t\t\t\t\t\t\t\t\t\t\t\t\t\t<img decoding=\"async\" width=\"575\" height=\"606\" data-src=\"https:\/\/vastgoedexperts.be\/wp-content\/uploads\/2024\/08\/V-rechts1.png\" class=\"attachment-large size-large wp-image-928 lazyload\" alt=\"\" data-srcset=\"https:\/\/vastgoedexperts.be\/wp-content\/uploads\/2024\/08\/V-rechts1.png 575w, https:\/\/vastgoedexperts.be\/wp-content\/uploads\/2024\/08\/V-rechts1-285x300.png 285w\" data-sizes=\"(max-width: 575px) 100vw, 575px\" src=\"data:image\/svg+xml;base64,PHN2ZyB3aWR0aD0iMSIgaGVpZ2h0PSIxIiB4bWxucz0iaHR0cDovL3d3dy53My5vcmcvMjAwMC9zdmciPjwvc3ZnPg==\" style=\"--smush-placeholder-width: 575px; --smush-placeholder-aspect-ratio: 575\/606;\" \/>\t\t\t\t\t\t\t\t\t\t\t\t\t\t\t<\/div>\n\t\t\t\t<\/div>\n\t\t\t\t<\/div>\n\t\t<div class=\"elementor-element elementor-element-b90daf6 blue-h3 e-flex e-con-boxed e-con e-parent\" data-id=\"b90daf6\" data-element_type=\"container\" data-e-type=\"container\" data-settings=\"{&quot;background_background&quot;:&quot;classic&quot;}\">\n\t\t\t\t\t<div class=\"e-con-inner\">\n\t\t<div class=\"elementor-element elementor-element-272118d e-con-full e-flex e-con e-child\" data-id=\"272118d\" data-element_type=\"container\" data-e-type=\"container\" data-settings=\"{&quot;background_background&quot;:&quot;classic&quot;}\">\n\t\t\t\t<\/div>\n\t\t<div class=\"elementor-element elementor-element-f04bdba e-con-full e-flex e-con e-child\" data-id=\"f04bdba\" data-element_type=\"container\" data-e-type=\"container\">\n\t\t\t\t<div class=\"elementor-element elementor-element-def2978 elementor-widget elementor-widget-text-editor\" data-id=\"def2978\" data-element_type=\"widget\" data-e-type=\"widget\" data-widget_type=\"text-editor.default\">\n\t\t\t\t<div class=\"elementor-widget-container\">\n\t\t\t\t\t\t\t\t\t<h3><strong>Comment cela fonctionne-t-il ?<\/strong><\/h3><p>Apr\u00e8s avoir effectu\u00e9 l'inspection de la citerne \u00e0 mazout, nous vous remettons un certificat de conformit\u00e9. Il s'agit d'un document attestant que votre citerne \u00e0 mazout r\u00e9pond \u00e0 toutes les exigences techniques. Avec un tel certificat, vous \u00eates \u00e9galement couvert par une assurance en cas d'incident.<\/p><p>M\u00eame si, par exemple, le mazout risque de p\u00e9n\u00e9trer dans le sol, le certificat de conformit\u00e9 vous permet d'\u00e9viter des co\u00fbts \u00e9lev\u00e9s d'assainissement du sol. Sans certificat de conformit\u00e9, le fournisseur de mazout n'est pas autoris\u00e9 \u00e0 remplir votre citerne.<\/p><h3><strong>Que se passe-t-il si je vends ma maison avec une citerne \u00e0 mazout ?<\/strong><\/h3><p>Lors de la vente d'un bien immobilier, vous \u00eates tenu de disposer d'un certificat de conformit\u00e9 valable. Dans ce cas, la citerne est \u00e9quip\u00e9e d'une plaque de marquage verte, appos\u00e9e par un technicien agr\u00e9\u00e9 en mazout. Sans certificat de conformit\u00e9, l'acheteur n'est pas en r\u00e8gle avec la l\u00e9gislation environnementale.<\/p><h3><strong>Que se passe-t-il si mon r\u00e9servoir de mazout est rejet\u00e9 ?<\/strong><\/h3><p>Si votre citerne \u00e0 mazout est rejet\u00e9e, vous devez tout r\u00e9parer conform\u00e9ment aux exigences l\u00e9gales. Ensuite, vous pouvez demander une nouvelle inspection de la citerne \u00e0 mazout. Pour toutes vos questions sur les inspections de citernes \u00e0 mazout, veuillez contacter l'un de nos experts.<\/p><p>Vous souhaitez faire assainir votre cuve \u00e0 mazout ? Cliquez sur <a href=\"https:\/\/vastgoedexperts.be\/fr\/assainissement-cuve-mazout\/\">ici <\/a>pour plus d'informations.<\/p>\t\t\t\t\t\t\t\t<\/div>\n\t\t\t\t<\/div>\n\t\t\t\t<\/div>\n\t\t\t\t\t<\/div>\n\t\t\t\t<\/div>\n\t\t<div class=\"elementor-element elementor-element-aa81a0c e-flex e-con-boxed e-con e-parent\" data-id=\"aa81a0c\" data-element_type=\"container\" data-e-type=\"container\" data-settings=\"{&quot;background_background&quot;:&quot;classic&quot;}\">\n\t\t\t\t\t<div class=\"e-con-inner\">\n\t\t<div class=\"elementor-element elementor-element-04e358a e-con-full e-flex e-con e-child\" data-id=\"04e358a\" data-element_type=\"container\" data-e-type=\"container\" data-settings=\"{&quot;background_background&quot;:&quot;classic&quot;}\">\n\t\t\t\t<div class=\"elementor-element elementor-element-a9c1540 elementor-widget elementor-widget-heading\" data-id=\"a9c1540\" data-element_type=\"widget\" data-e-type=\"widget\" data-widget_type=\"heading.default\">\n\t\t\t\t<div class=\"elementor-widget-container\">\n\t\t\t\t\t<h2 class=\"elementor-heading-title elementor-size-default\">Planifiez facilement d\u00e8s maintenant<span class=\"mobile-break\"><\/br><\/span> votre rendez-vous en<\/h2>\t\t\t\t<\/div>\n\t\t\t\t<\/div>\n\t\t\t\t<div class=\"elementor-element elementor-element-0933994 elementor-widget elementor-widget-text-editor\" data-id=\"0933994\" data-element_type=\"widget\" data-e-type=\"widget\" data-widget_type=\"text-editor.default\">\n\t\t\t\t<div class=\"elementor-widget-container\">\n\t\t\t\t\t\t\t\t\tVastgoedexperts s'adressent aussi bien aux professionnels qu'aux particuliers. <\/br>Faites votre choix ci-dessous et nous vous aiderons rapidement !\t\t\t\t\t\t\t\t<\/div>\n\t\t\t\t<\/div>\n\t\t<div class=\"elementor-element elementor-element-22dcd90 e-con-full e-flex e-con e-child\" data-id=\"22dcd90\" data-element_type=\"container\" data-e-type=\"container\">\n\t\t\t\t<div class=\"elementor-element elementor-element-bc3e252 elementor-align-left elementor-widget elementor-widget-button\" data-id=\"bc3e252\" data-element_type=\"widget\" data-e-type=\"widget\" data-widget_type=\"button.default\">\n\t\t\t\t<div class=\"elementor-widget-container\">\n\t\t\t\t\t\t\t\t\t<div class=\"elementor-button-wrapper\">\n\t\t\t\t\t<a class=\"elementor-button elementor-button-link elementor-size-sm\" href=\"#popup\">\n\t\t\t\t\t\t<span class=\"elementor-button-content-wrapper\">\n\t\t\t\t\t\t\t\t\t<span class=\"elementor-button-text\">Demandez ici un contr\u00f4le de votre citerne<\/span>\n\t\t\t\t\t<\/span>\n\t\t\t\t\t<\/a>\n\t\t\t\t<\/div>\n\t\t\t\t\t\t\t\t<\/div>\n\t\t\t\t<\/div>\n\t\t\t\t<\/div>\n\t\t\t\t<\/div>\n\t\t\t\t\t<\/div>\n\t\t\t\t<\/div>\n\t\t\t\t<\/div>","protected":false},"excerpt":{"rendered":"<p>Mazouttankkeuring Vraag nu je mazouttankkeuring aan Mazouttankkeuring aanvragen Wat is het belang van een mazouttankkeuring? Keuring aanvragen Als je ervoor kiest om je woning te blijven verwarmen met stookolie, is het belangrijk om goed op de hoogte te zijn van enkele verplichtingen. Elke mazouttank, boven- of ondergronds, moet meteen na de plaatsing gekeurd worden voordat [&hellip;]<\/p>\n","protected":false},"author":2,"featured_media":0,"parent":0,"menu_order":0,"comment_status":"closed","ping_status":"closed","template":"","meta":{"_acf_changed":false,"site-sidebar-layout":"no-sidebar","site-content-layout":"page-builder","ast-site-content-layout":"full-width-container","site-content-style":"default","site-sidebar-style":"default","ast-global-header-display":"","ast-banner-title-visibility":"","ast-main-header-display":"","ast-hfb-above-header-display":"","ast-hfb-below-header-display":"","ast-hfb-mobile-header-display":"","site-post-title":"disabled","ast-breadcrumbs-content":"","ast-featured-img":"disabled","footer-sml-layout":"","ast-disable-related-posts":"","theme-transparent-header-meta":"default","adv-header-id-meta":"","stick-header-meta":"","header-above-stick-meta":"","header-main-stick-meta":"","header-below-stick-meta":"","astra-migrate-meta-layouts":"set","ast-page-background-enabled":"default","ast-page-background-meta":{"desktop":{"background-color":"var(--ast-global-color-4)","background-image":"","background-repeat":"repeat","background-position":"center center","background-size":"auto","background-attachment":"scroll","background-type":"","background-media":"","overlay-type":"","overlay-color":"","overlay-opacity":"","overlay-gradient":""},"tablet":{"background-color":"","background-image":"","background-repeat":"repeat","background-position":"center center","background-size":"auto","background-attachment":"scroll","background-type":"","background-media":"","overlay-type":"","overlay-color":"","overlay-opacity":"","overlay-gradient":""},"mobile":{"background-color":"","background-image":"","background-repeat":"repeat","background-position":"center center","background-size":"auto","background-attachment":"scroll","background-type":"","background-media":"","overlay-type":"","overlay-color":"","overlay-opacity":"","overlay-gradient":""}},"ast-content-background-meta":{"desktop":{"background-color":"var(--ast-global-color-5)","background-image":"","background-repeat":"repeat","background-position":"center center","background-size":"auto","background-attachment":"scroll","background-type":"","background-media":"","overlay-type":"","overlay-color":"","overlay-opacity":"","overlay-gradient":""},"tablet":{"background-color":"var(--ast-global-color-5)","background-image":"","background-repeat":"repeat","background-position":"center center","background-size":"auto","background-attachment":"scroll","background-type":"","background-media":"","overlay-type":"","overlay-color":"","overlay-opacity":"","overlay-gradient":""},"mobile":{"background-color":"var(--ast-global-color-5)","background-image":"","background-repeat":"repeat","background-position":"center center","background-size":"auto","background-attachment":"scroll","background-type":"","background-media":"","overlay-type":"","overlay-color":"","overlay-opacity":"","overlay-gradient":""}},"footnotes":""},"class_list":["post-1572","page","type-page","status-publish","hentry"],"acf":[],"_links":{"self":[{"href":"https:\/\/vastgoedexperts.be\/fr\/wp-json\/wp\/v2\/pages\/1572","targetHints":{"allow":["GET"]}}],"collection":[{"href":"https:\/\/vastgoedexperts.be\/fr\/wp-json\/wp\/v2\/pages"}],"about":[{"href":"https:\/\/vastgoedexperts.be\/fr\/wp-json\/wp\/v2\/types\/page"}],"author":[{"embeddable":true,"href":"https:\/\/vastgoedexperts.be\/fr\/wp-json\/wp\/v2\/users\/2"}],"replies":[{"embeddable":true,"href":"https:\/\/vastgoedexperts.be\/fr\/wp-json\/wp\/v2\/comments?post=1572"}],"version-history":[{"count":88,"href":"https:\/\/vastgoedexperts.be\/fr\/wp-json\/wp\/v2\/pages\/1572\/revisions"}],"predecessor-version":[{"id":5082,"href":"https:\/\/vastgoedexperts.be\/fr\/wp-json\/wp\/v2\/pages\/1572\/revisions\/5082"}],"wp:attachment":[{"href":"https:\/\/vastgoedexperts.be\/fr\/wp-json\/wp\/v2\/media?parent=1572"}],"curies":[{"name":"wp","href":"https:\/\/api.w.org\/{rel}","templated":true}]}}