{"id":1653,"date":"2024-08-22T10:21:06","date_gmt":"2024-08-22T10:21:06","guid":{"rendered":"https:\/\/vastgoedexperts.be\/?page_id=1653"},"modified":"2025-09-16T14:48:21","modified_gmt":"2025-09-16T14:48:21","slug":"certificat-amiante","status":"publish","type":"page","link":"https:\/\/vastgoedexperts.be\/fr\/asbestattest\/","title":{"rendered":"Certificat amiante"},"content":{"rendered":"<div data-elementor-type=\"wp-page\" data-elementor-id=\"1653\" class=\"elementor elementor-1653\" data-elementor-post-type=\"page\">\n\t\t\t\t<div class=\"elementor-element elementor-element-c409175 e-flex e-con-boxed e-con e-parent\" data-id=\"c409175\" data-element_type=\"container\" data-e-type=\"container\" data-settings=\"{&quot;background_background&quot;:&quot;classic&quot;}\">\n\t\t\t\t\t<div class=\"e-con-inner\">\n\t\t<div class=\"elementor-element elementor-element-b931a44 e-con-full e-flex e-con e-child\" data-id=\"b931a44\" data-element_type=\"container\" data-e-type=\"container\">\n\t\t\t\t<div class=\"elementor-element elementor-element-f75e291 elementor-widget elementor-widget-heading\" data-id=\"f75e291\" data-element_type=\"widget\" data-e-type=\"widget\" data-widget_type=\"heading.default\">\n\t\t\t\t<div class=\"elementor-widget-container\">\n\t\t\t\t\t<h1 class=\"elementor-heading-title elementor-size-default\">Certificat amiante<\/h1>\t\t\t\t<\/div>\n\t\t\t\t<\/div>\n\t\t\t\t<div class=\"elementor-element elementor-element-edb0154 elementor-widget elementor-widget-text-editor\" data-id=\"edb0154\" data-element_type=\"widget\" data-e-type=\"widget\" data-widget_type=\"text-editor.default\">\n\t\t\t\t<div class=\"elementor-widget-container\">\n\t\t\t\t\t\t\t\t\t<p>Demandez votre attestation maintenant<\/p>\t\t\t\t\t\t\t\t<\/div>\n\t\t\t\t<\/div>\n\t\t\t\t<div class=\"elementor-element elementor-element-f3faafd elementor-align-left elementor-widget elementor-widget-button\" data-id=\"f3faafd\" data-element_type=\"widget\" data-e-type=\"widget\" data-widget_type=\"button.default\">\n\t\t\t\t<div class=\"elementor-widget-container\">\n\t\t\t\t\t\t\t\t\t<div class=\"elementor-button-wrapper\">\n\t\t\t\t\t<a class=\"elementor-button elementor-button-link elementor-size-sm\" href=\"#popup\">\n\t\t\t\t\t\t<span class=\"elementor-button-content-wrapper\">\n\t\t\t\t\t\t\t\t\t<span class=\"elementor-button-text\">Demande de certificat amiante<\/span>\n\t\t\t\t\t<\/span>\n\t\t\t\t\t<\/a>\n\t\t\t\t<\/div>\n\t\t\t\t\t\t\t\t<\/div>\n\t\t\t\t<\/div>\n\t\t\t\t<\/div>\n\t\t\t\t\t<\/div>\n\t\t\t\t<\/div>\n\t\t<div class=\"elementor-element elementor-element-6fd052e e-con-full e-flex e-con e-parent\" data-id=\"6fd052e\" data-element_type=\"container\" data-e-type=\"container\">\n\t\t<div class=\"elementor-element elementor-element-bbd0714 e-con-full e-flex e-con e-child\" data-id=\"bbd0714\" data-element_type=\"container\" data-e-type=\"container\">\n\t\t\t\t<div class=\"elementor-element elementor-element-d6278e0 vink elementor-widget elementor-widget-image\" data-id=\"d6278e0\" data-element_type=\"widget\" data-e-type=\"widget\" data-widget_type=\"image.default\">\n\t\t\t\t<div class=\"elementor-widget-container\">\n\t\t\t\t\t\t\t\t\t\t\t\t\t\t\t<img fetchpriority=\"high\" decoding=\"async\" width=\"885\" height=\"709\" src=\"https:\/\/vastgoedexperts.be\/wp-content\/uploads\/2024\/08\/VE-fade.png\" class=\"attachment-large size-large wp-image-991\" alt=\"\" srcset=\"https:\/\/vastgoedexperts.be\/wp-content\/uploads\/2024\/08\/VE-fade.png 885w, https:\/\/vastgoedexperts.be\/wp-content\/uploads\/2024\/08\/VE-fade-300x240.png 300w, https:\/\/vastgoedexperts.be\/wp-content\/uploads\/2024\/08\/VE-fade-768x615.png 768w\" sizes=\"(max-width: 885px) 100vw, 885px\" \/>\t\t\t\t\t\t\t\t\t\t\t\t\t\t\t<\/div>\n\t\t\t\t<\/div>\n\t\t\t\t<\/div>\n\t\t\t\t<\/div>\n\t\t<div class=\"elementor-element elementor-element-64aa845 blue-h3 e-flex e-con-boxed e-con e-parent\" data-id=\"64aa845\" data-element_type=\"container\" data-e-type=\"container\" data-settings=\"{&quot;background_background&quot;:&quot;classic&quot;}\">\n\t\t\t\t\t<div class=\"e-con-inner\">\n\t\t<div class=\"elementor-element elementor-element-de2378b e-con-full e-flex e-con e-child\" data-id=\"de2378b\" data-element_type=\"container\" data-e-type=\"container\">\n\t\t\t\t<div class=\"elementor-element elementor-element-6c19f7a elementor-widget elementor-widget-heading\" data-id=\"6c19f7a\" data-element_type=\"widget\" data-e-type=\"widget\" data-widget_type=\"heading.default\">\n\t\t\t\t<div class=\"elementor-widget-container\">\n\t\t\t\t\t<h2 class=\"elementor-heading-title elementor-size-default\">Qu'est-ce qu'un certificat d'amiante ?<\/h2>\t\t\t\t<\/div>\n\t\t\t\t<\/div>\n\t\t\t\t<div class=\"elementor-element elementor-element-44f205e elementor-widget elementor-widget-text-editor\" data-id=\"44f205e\" data-element_type=\"widget\" data-e-type=\"widget\" data-widget_type=\"text-editor.default\">\n\t\t\t\t<div class=\"elementor-widget-container\">\n\t\t\t\t\t\t\t\t\t<p>A <a href=\"\/fr\/a-quoi-ressemble-un-inventaire-de-lamiante\/\">certificat amiante<\/a> est un document qui d\u00e9crit tous les mat\u00e9riaux contenant de l'amiante dans un b\u00e2timent ou une zone de travail. Il est toujours pr\u00e9par\u00e9 apr\u00e8s une inspection sur place.<\/p><p>Sans attestation valable, l'acte ne peut \u00eatre pass\u00e9 chez le notaire. Il s'agit donc d'un document indispensable lors de la vente d'un bien immobilier.<\/p><p>Un certificat d'amiante est g\u00e9n\u00e9ralement valable dix ans, mais en pr\u00e9sence de mat\u00e9riaux \u00e0 haut risque, sa validit\u00e9 est limit\u00e9e \u00e0 cinq ans.<\/p><h3>Quand l'obligation s'impose-t-elle ?<\/h3><p>Depuis le 23 novembre 2022, tous les b\u00e2timents construits avant 2001 doivent faire l'objet d'un certificat d'amiante au moment de la vente. Cela permet \u00e0 l'acheteur de savoir s'il y a ou non de l'amiante dans le b\u00e2timent et comment le traiter. Un tel certificat est \u00e9galement obligatoire lors de la vente d'un box de garage.<\/p><p>\u00c0 partir de 2032, tout b\u00e2timent construit avant 2001 devra faire l'objet d'un certificat d'amiante, m\u00eame s'il n'y a pas de vente.<\/p><p>Pour plus d'informations sur ce sujet, vous pouvez aussi toujours visiter le site web de la <a href=\"https:\/\/www.vlaanderen.be\/asbestattest\" target=\"_blank\" rel=\"noopener\">Gouvernement flamand<\/a>.<\/p>\t\t\t\t\t\t\t\t<\/div>\n\t\t\t\t<\/div>\n\t\t\t\t<\/div>\n\t\t<div class=\"elementor-element elementor-element-82a2ef9 e-con-full e-flex e-con e-child\" data-id=\"82a2ef9\" data-element_type=\"container\" data-e-type=\"container\" data-settings=\"{&quot;background_background&quot;:&quot;classic&quot;}\">\n\t\t\t\t<\/div>\n\t\t\t\t\t<\/div>\n\t\t\t\t<\/div>\n\t\t<div class=\"elementor-element elementor-element-5905503 e-flex e-con-boxed e-con e-parent\" data-id=\"5905503\" data-element_type=\"container\" data-e-type=\"container\" data-settings=\"{&quot;background_background&quot;:&quot;classic&quot;}\">\n\t\t\t\t\t<div class=\"e-con-inner\">\n\t\t<div class=\"elementor-element elementor-element-d8409c3 e-con-full e-flex e-con e-child\" data-id=\"d8409c3\" data-element_type=\"container\" data-e-type=\"container\">\n\t\t\t\t<div class=\"elementor-element elementor-element-0c19a51 elementor-view-default elementor-widget elementor-widget-icon\" data-id=\"0c19a51\" data-element_type=\"widget\" data-e-type=\"widget\" data-widget_type=\"icon.default\">\n\t\t\t\t<div class=\"elementor-widget-container\">\n\t\t\t\t\t\t\t<div class=\"elementor-icon-wrapper\">\n\t\t\t<div class=\"elementor-icon\">\n\t\t\t<i aria-hidden=\"true\" class=\"icon icon-clock-1\"><\/i>\t\t\t<\/div>\n\t\t<\/div>\n\t\t\t\t\t\t<\/div>\n\t\t\t\t<\/div>\n\t\t\t\t<div class=\"elementor-element elementor-element-ac3970f elementor-widget elementor-widget-heading\" data-id=\"ac3970f\" data-element_type=\"widget\" data-e-type=\"widget\" data-widget_type=\"heading.default\">\n\t\t\t\t<div class=\"elementor-widget-container\">\n\t\t\t\t\t<p class=\"elementor-heading-title elementor-size-default\">Planifi\u00e9 dans les <span class=\"lichtblauw-accent\">24 heures<\/span><\/p>\t\t\t\t<\/div>\n\t\t\t\t<\/div>\n\t\t\t\t<\/div>\n\t\t<div class=\"elementor-element elementor-element-10b0c9c e-con-full e-flex e-con e-child\" data-id=\"10b0c9c\" data-element_type=\"container\" data-e-type=\"container\">\n\t\t\t\t<div class=\"elementor-element elementor-element-83e6b39 elementor-view-default elementor-widget elementor-widget-icon\" data-id=\"83e6b39\" data-element_type=\"widget\" data-e-type=\"widget\" data-widget_type=\"icon.default\">\n\t\t\t\t<div class=\"elementor-widget-container\">\n\t\t\t\t\t\t\t<div class=\"elementor-icon-wrapper\">\n\t\t\t<div class=\"elementor-icon\">\n\t\t\t<i aria-hidden=\"true\" class=\"icon icon-calendar2\"><\/i>\t\t\t<\/div>\n\t\t<\/div>\n\t\t\t\t\t\t<\/div>\n\t\t\t\t<\/div>\n\t\t\t\t<div class=\"elementor-element elementor-element-57ce0d8 elementor-widget elementor-widget-heading\" data-id=\"57ce0d8\" data-element_type=\"widget\" data-e-type=\"widget\" data-widget_type=\"heading.default\">\n\t\t\t\t<div class=\"elementor-widget-container\">\n\t\t\t\t\t<p class=\"elementor-heading-title elementor-size-default translation-block\">Prix <span class=\"lichtblauw-accent\">tout compris<\/span><\/p>\t\t\t\t<\/div>\n\t\t\t\t<\/div>\n\t\t\t\t<\/div>\n\t\t<div class=\"elementor-element elementor-element-1cd946b e-con-full e-flex e-con e-child\" data-id=\"1cd946b\" data-element_type=\"container\" data-e-type=\"container\">\n\t\t\t\t<div class=\"elementor-element elementor-element-4f51688 elementor-view-default elementor-widget elementor-widget-icon\" data-id=\"4f51688\" data-element_type=\"widget\" data-e-type=\"widget\" data-widget_type=\"icon.default\">\n\t\t\t\t<div class=\"elementor-widget-container\">\n\t\t\t\t\t\t\t<div class=\"elementor-icon-wrapper\">\n\t\t\t<div class=\"elementor-icon\">\n\t\t\t<i aria-hidden=\"true\" class=\"icon icon-pricing-table\"><\/i>\t\t\t<\/div>\n\t\t<\/div>\n\t\t\t\t\t\t<\/div>\n\t\t\t\t<\/div>\n\t\t\t\t<div class=\"elementor-element elementor-element-b28d93c elementor-widget elementor-widget-heading\" data-id=\"b28d93c\" data-element_type=\"widget\" data-e-type=\"widget\" data-widget_type=\"heading.default\">\n\t\t\t\t<div class=\"elementor-widget-container\">\n\t\t\t\t\t<p class=\"elementor-heading-title elementor-size-default\"><span class=\"lichtblauw-accent\">100%<\/span> fiable<\/p>\t\t\t\t<\/div>\n\t\t\t\t<\/div>\n\t\t\t\t<\/div>\n\t\t\t\t\t<\/div>\n\t\t\t\t<\/div>\n\t\t<div class=\"elementor-element elementor-element-aec7c7f e-con-full e-flex e-con e-parent\" data-id=\"aec7c7f\" data-element_type=\"container\" data-e-type=\"container\">\n\t\t\t\t<div class=\"elementor-element elementor-element-4e21bcb elementor-widget elementor-widget-image\" data-id=\"4e21bcb\" data-element_type=\"widget\" data-e-type=\"widget\" data-widget_type=\"image.default\">\n\t\t\t\t<div class=\"elementor-widget-container\">\n\t\t\t\t\t\t\t\t\t\t\t\t\t\t\t<img decoding=\"async\" width=\"575\" height=\"606\" data-src=\"https:\/\/vastgoedexperts.be\/wp-content\/uploads\/2024\/08\/V-rechts1.png\" class=\"attachment-large size-large wp-image-928 lazyload\" alt=\"\" data-srcset=\"https:\/\/vastgoedexperts.be\/wp-content\/uploads\/2024\/08\/V-rechts1.png 575w, https:\/\/vastgoedexperts.be\/wp-content\/uploads\/2024\/08\/V-rechts1-285x300.png 285w\" data-sizes=\"(max-width: 575px) 100vw, 575px\" src=\"data:image\/svg+xml;base64,PHN2ZyB3aWR0aD0iMSIgaGVpZ2h0PSIxIiB4bWxucz0iaHR0cDovL3d3dy53My5vcmcvMjAwMC9zdmciPjwvc3ZnPg==\" style=\"--smush-placeholder-width: 575px; --smush-placeholder-aspect-ratio: 575\/606;\" \/>\t\t\t\t\t\t\t\t\t\t\t\t\t\t\t<\/div>\n\t\t\t\t<\/div>\n\t\t\t\t<\/div>\n\t\t<div class=\"elementor-element elementor-element-2f0644d blue-h3 e-flex e-con-boxed e-con e-parent\" data-id=\"2f0644d\" data-element_type=\"container\" data-e-type=\"container\" data-settings=\"{&quot;background_background&quot;:&quot;classic&quot;}\">\n\t\t\t\t\t<div class=\"e-con-inner\">\n\t\t<div class=\"elementor-element elementor-element-7156e2d e-con-full e-flex e-con e-child\" data-id=\"7156e2d\" data-element_type=\"container\" data-e-type=\"container\" data-settings=\"{&quot;background_background&quot;:&quot;classic&quot;}\">\n\t\t\t\t<\/div>\n\t\t<div class=\"elementor-element elementor-element-3c1610c e-con-full e-flex e-con e-child\" data-id=\"3c1610c\" data-element_type=\"container\" data-e-type=\"container\">\n\t\t\t\t<div class=\"elementor-element elementor-element-22dc42d elementor-widget elementor-widget-heading\" data-id=\"22dc42d\" data-element_type=\"widget\" data-e-type=\"widget\" data-widget_type=\"heading.default\">\n\t\t\t\t<div class=\"elementor-widget-container\">\n\t\t\t\t\t<h2 class=\"elementor-heading-title elementor-size-default\">Qu'en est-il des parties communes ?<\/h2>\t\t\t\t<\/div>\n\t\t\t\t<\/div>\n\t\t\t\t<div class=\"elementor-element elementor-element-8618873 elementor-widget elementor-widget-text-editor\" data-id=\"8618873\" data-element_type=\"widget\" data-e-type=\"widget\" data-widget_type=\"text-editor.default\">\n\t\t\t\t<div class=\"elementor-widget-container\">\n\t\t\t\t\t\t\t\t\t<p>A partir de 2025, le certificat d'amiante sera \u00e9galement obligatoire pour les <a href=\"\/fr\/certificat-damiante-pieces-communes-eviter-les-problemes-lors-de-la-vente\/\">parties communes<\/a> des immeubles d'habitation construits avant 2001. Il s'agit, par exemple, des couloirs, des escaliers, des ascenseurs, des places de parking et d'autres parties communes.<\/p><p>Il est important de d\u00e9tecter la pr\u00e9sence d'amiante dans les parties communes le plus t\u00f4t possible afin de minimiser les risques pour la sant\u00e9 des r\u00e9sidents. Le certificat d'amiante des parties communes est distinct du certificat des diff\u00e9rents appartements.<\/p><p>A partir de 2032, tout propri\u00e9taire d'un bien immobilier construit avant 2001 devra disposer d'un certificat d'amiante pour les parties communes, m\u00eame s'il n'y a pas de vente.<\/p>\t\t\t\t\t\t\t\t<\/div>\n\t\t\t\t<\/div>\n\t\t\t\t<\/div>\n\t\t\t\t\t<\/div>\n\t\t\t\t<\/div>\n\t\t<div class=\"elementor-element elementor-element-224af74 e-flex e-con-boxed e-con e-parent\" data-id=\"224af74\" data-element_type=\"container\" data-e-type=\"container\" data-settings=\"{&quot;background_background&quot;:&quot;classic&quot;}\">\n\t\t\t\t\t<div class=\"e-con-inner\">\n\t\t<div class=\"elementor-element elementor-element-0dc9d85 e-con-full e-flex e-con e-child\" data-id=\"0dc9d85\" data-element_type=\"container\" data-e-type=\"container\">\n\t\t\t\t<div class=\"elementor-element elementor-element-9922936 elementor-view-default elementor-widget elementor-widget-icon\" data-id=\"9922936\" data-element_type=\"widget\" data-e-type=\"widget\" data-widget_type=\"icon.default\">\n\t\t\t\t<div class=\"elementor-widget-container\">\n\t\t\t\t\t\t\t<div class=\"elementor-icon-wrapper\">\n\t\t\t<div class=\"elementor-icon\">\n\t\t\t<i aria-hidden=\"true\" class=\"icon icon-warning\"><\/i>\t\t\t<\/div>\n\t\t<\/div>\n\t\t\t\t\t\t<\/div>\n\t\t\t\t<\/div>\n\t\t\t\t<div class=\"elementor-element elementor-element-68d043f elementor-widget elementor-widget-heading\" data-id=\"68d043f\" data-element_type=\"widget\" data-e-type=\"widget\" data-widget_type=\"heading.default\">\n\t\t\t\t<div class=\"elementor-widget-container\">\n\t\t\t\t\t<p class=\"elementor-heading-title elementor-size-default\"> <span class=\"lichtblauw-accent\">Obligations<\/span> pour le propri\u00e9taire<\/p>\t\t\t\t<\/div>\n\t\t\t\t<\/div>\n\t\t\t\t<div class=\"elementor-element elementor-element-ae7594b elementor-widget elementor-widget-text-editor\" data-id=\"ae7594b\" data-element_type=\"widget\" data-e-type=\"widget\" data-widget_type=\"text-editor.default\">\n\t\t\t\t<div class=\"elementor-widget-container\">\n\t\t\t\t\t\t\t\t\t<p>Avant que nous puissions commencer \u00e0 pr\u00e9parer un certificat d'amiante, vous devez, en tant que propri\u00e9taire, remplir le formulaire de cession ou donner mandat \u00e0 votre courtier\/notaire pour le faire.  Ce n'est qu'ensuite que nous pourrons commencer le dossier.<\/p><p>Pour effectuer les contr\u00f4les n\u00e9cessaires, le propri\u00e9taire doit veiller \u00e0 ce que notre expert en amiante puisse acc\u00e9der \u00e0 l'immeuble. Si le b\u00e2timent est lou\u00e9, le propri\u00e9taire doit informer le locataire qu'un inventaire de l'amiante sera effectu\u00e9.<\/p>\t\t\t\t\t\t\t\t<\/div>\n\t\t\t\t<\/div>\n\t\t\t\t<\/div>\n\t\t\t\t\t<\/div>\n\t\t\t\t<\/div>\n\t\t<div class=\"elementor-element elementor-element-cd98e8c blue-h3 e-flex e-con-boxed e-con e-parent\" data-id=\"cd98e8c\" data-element_type=\"container\" data-e-type=\"container\" data-settings=\"{&quot;background_background&quot;:&quot;classic&quot;}\">\n\t\t\t\t\t<div class=\"e-con-inner\">\n\t\t<div class=\"elementor-element elementor-element-5986d55 e-con-full e-flex e-con e-child\" data-id=\"5986d55\" data-element_type=\"container\" data-e-type=\"container\">\n\t\t\t\t<div class=\"elementor-element elementor-element-316b6f4 elementor-widget elementor-widget-heading\" data-id=\"316b6f4\" data-element_type=\"widget\" data-e-type=\"widget\" data-widget_type=\"heading.default\">\n\t\t\t\t<div class=\"elementor-widget-container\">\n\t\t\t\t\t<h2 class=\"elementor-heading-title elementor-size-default\">Comment se pr\u00e9pare une attestation amiante ?<\/h2>\t\t\t\t<\/div>\n\t\t\t\t<\/div>\n\t\t\t\t<div class=\"elementor-element elementor-element-faad3b2 elementor-widget elementor-widget-text-editor\" data-id=\"faad3b2\" data-element_type=\"widget\" data-e-type=\"widget\" data-widget_type=\"text-editor.default\">\n\t\t\t\t<div class=\"elementor-widget-container\">\n\t\t\t\t\t\t\t\t\t<p>Nos experts en amiante certifi\u00e9s se rendent sur place pour pr\u00e9parer un certificat d'amiante correct et d\u00e9taill\u00e9. Il s'agit d'un contr\u00f4le non destructif, ce qui signifie qu'aucun mat\u00e9riau n'est d\u00e9mont\u00e9 ou endommag\u00e9. Les \u00e9chantillons de pl\u00e2tre, par exemple, sont toujours pr\u00e9lev\u00e9s le plus discr\u00e8tement possible (dans un coin, par exemple).<\/p><p>En tant que propri\u00e9taire, vous n'\u00eates pas tenu d'\u00eatre pr\u00e9sent lors de la visite du site, mais il est utile de nous fournir des informations suppl\u00e9mentaires sur le bien. Lors de l'\u00e9chantillonnage, personne d'autre que l'expert en amiante ne peut \u00eatre pr\u00e9sent en raison des risques pour la sant\u00e9.<\/p><p>Remarque : si le propri\u00e9taire n'autorise pas le pr\u00e9l\u00e8vement d'\u00e9chantillons, les mat\u00e9riaux en question seront de toute fa\u00e7on \u00e9tiquet\u00e9s comme suspects de contenir de l'amiante. \u00a0<\/p>\t\t\t\t\t\t\t\t<\/div>\n\t\t\t\t<\/div>\n\t\t\t\t<\/div>\n\t\t<div class=\"elementor-element elementor-element-00b6e9c e-con-full e-flex e-con e-child\" data-id=\"00b6e9c\" data-element_type=\"container\" data-e-type=\"container\" data-settings=\"{&quot;background_background&quot;:&quot;classic&quot;}\">\n\t\t\t\t<\/div>\n\t\t\t\t\t<\/div>\n\t\t\t\t<\/div>\n\t\t<div class=\"elementor-element elementor-element-60a180e e-flex e-con-boxed e-con e-parent\" data-id=\"60a180e\" data-element_type=\"container\" data-e-type=\"container\">\n\t\t\t\t\t<div class=\"e-con-inner\">\n\t\t<div class=\"elementor-element elementor-element-5d5de25 e-con-full e-flex e-con e-child\" data-id=\"5d5de25\" data-element_type=\"container\" data-e-type=\"container\" data-settings=\"{&quot;background_background&quot;:&quot;classic&quot;}\">\n\t\t\t\t<div class=\"elementor-element elementor-element-a1faaf3 elementor-widget elementor-widget-heading\" data-id=\"a1faaf3\" data-element_type=\"widget\" data-e-type=\"widget\" data-widget_type=\"heading.default\">\n\t\t\t\t<div class=\"elementor-widget-container\">\n\t\t\t\t\t<h2 class=\"elementor-heading-title elementor-size-default\">Planifiez facilement d\u00e8s maintenant<span class=\"mobile-break\"><\/br><\/span> votre rendez-vous en<\/h2>\t\t\t\t<\/div>\n\t\t\t\t<\/div>\n\t\t\t\t<div class=\"elementor-element elementor-element-f371e9b elementor-widget elementor-widget-text-editor\" data-id=\"f371e9b\" data-element_type=\"widget\" data-e-type=\"widget\" data-widget_type=\"text-editor.default\">\n\t\t\t\t<div class=\"elementor-widget-container\">\n\t\t\t\t\t\t\t\t\t<p>Vastgoedexperts s'adressent aussi bien aux professionnels qu'aux particuliers. <br \/>Faites votre choix ci-dessous et nous vous aiderons rapidement !<\/p>\t\t\t\t\t\t\t\t<\/div>\n\t\t\t\t<\/div>\n\t\t\t\t<div class=\"elementor-element elementor-element-e463ea0 elementor-align-left elementor-widget elementor-widget-button\" data-id=\"e463ea0\" data-element_type=\"widget\" data-e-type=\"widget\" data-widget_type=\"button.default\">\n\t\t\t\t<div class=\"elementor-widget-container\">\n\t\t\t\t\t\t\t\t\t<div class=\"elementor-button-wrapper\">\n\t\t\t\t\t<a class=\"elementor-button elementor-button-link elementor-size-sm\" href=\"#popup\">\n\t\t\t\t\t\t<span class=\"elementor-button-content-wrapper\">\n\t\t\t\t\t\t\t\t\t<span class=\"elementor-button-text\">Demande de certificat amiante<\/span>\n\t\t\t\t\t<\/span>\n\t\t\t\t\t<\/a>\n\t\t\t\t<\/div>\n\t\t\t\t\t\t\t\t<\/div>\n\t\t\t\t<\/div>\n\t\t\t\t<\/div>\n\t\t\t\t\t<\/div>\n\t\t\t\t<\/div>\n\t\t\t\t<\/div>","protected":false},"excerpt":{"rendered":"<p>Asbestattest Vraag nu je attest aan Asbestattest aanvragen Wat is een asbestattest? Een asbestattest is een document dat alle asbesthoudende materialen in een gebouw of werkzone beschrijft. Het wordt altijd opgesteld na een inspectie ter plaatse. Zonder een geldig attest, kan de akte bij de notaris niet verleden worden. Het is dus een onmisbaar document [&hellip;]<\/p>\n","protected":false},"author":2,"featured_media":0,"parent":0,"menu_order":0,"comment_status":"closed","ping_status":"closed","template":"","meta":{"_acf_changed":false,"site-sidebar-layout":"no-sidebar","site-content-layout":"page-builder","ast-site-content-layout":"full-width-container","site-content-style":"default","site-sidebar-style":"default","ast-global-header-display":"","ast-banner-title-visibility":"","ast-main-header-display":"","ast-hfb-above-header-display":"","ast-hfb-below-header-display":"","ast-hfb-mobile-header-display":"","site-post-title":"disabled","ast-breadcrumbs-content":"","ast-featured-img":"disabled","footer-sml-layout":"","ast-disable-related-posts":"","theme-transparent-header-meta":"default","adv-header-id-meta":"","stick-header-meta":"","header-above-stick-meta":"","header-main-stick-meta":"","header-below-stick-meta":"","astra-migrate-meta-layouts":"set","ast-page-background-enabled":"default","ast-page-background-meta":{"desktop":{"background-color":"var(--ast-global-color-4)","background-image":"","background-repeat":"repeat","background-position":"center center","background-size":"auto","background-attachment":"scroll","background-type":"","background-media":"","overlay-type":"","overlay-color":"","overlay-opacity":"","overlay-gradient":""},"tablet":{"background-color":"","background-image":"","background-repeat":"repeat","background-position":"center center","background-size":"auto","background-attachment":"scroll","background-type":"","background-media":"","overlay-type":"","overlay-color":"","overlay-opacity":"","overlay-gradient":""},"mobile":{"background-color":"","background-image":"","background-repeat":"repeat","background-position":"center center","background-size":"auto","background-attachment":"scroll","background-type":"","background-media":"","overlay-type":"","overlay-color":"","overlay-opacity":"","overlay-gradient":""}},"ast-content-background-meta":{"desktop":{"background-color":"var(--ast-global-color-5)","background-image":"","background-repeat":"repeat","background-position":"center center","background-size":"auto","background-attachment":"scroll","background-type":"","background-media":"","overlay-type":"","overlay-color":"","overlay-opacity":"","overlay-gradient":""},"tablet":{"background-color":"var(--ast-global-color-5)","background-image":"","background-repeat":"repeat","background-position":"center center","background-size":"auto","background-attachment":"scroll","background-type":"","background-media":"","overlay-type":"","overlay-color":"","overlay-opacity":"","overlay-gradient":""},"mobile":{"background-color":"var(--ast-global-color-5)","background-image":"","background-repeat":"repeat","background-position":"center center","background-size":"auto","background-attachment":"scroll","background-type":"","background-media":"","overlay-type":"","overlay-color":"","overlay-opacity":"","overlay-gradient":""}},"footnotes":""},"class_list":["post-1653","page","type-page","status-publish","hentry"],"acf":[],"_links":{"self":[{"href":"https:\/\/vastgoedexperts.be\/fr\/wp-json\/wp\/v2\/pages\/1653","targetHints":{"allow":["GET"]}}],"collection":[{"href":"https:\/\/vastgoedexperts.be\/fr\/wp-json\/wp\/v2\/pages"}],"about":[{"href":"https:\/\/vastgoedexperts.be\/fr\/wp-json\/wp\/v2\/types\/page"}],"author":[{"embeddable":true,"href":"https:\/\/vastgoedexperts.be\/fr\/wp-json\/wp\/v2\/users\/2"}],"replies":[{"embeddable":true,"href":"https:\/\/vastgoedexperts.be\/fr\/wp-json\/wp\/v2\/comments?post=1653"}],"version-history":[{"count":82,"href":"https:\/\/vastgoedexperts.be\/fr\/wp-json\/wp\/v2\/pages\/1653\/revisions"}],"predecessor-version":[{"id":5270,"href":"https:\/\/vastgoedexperts.be\/fr\/wp-json\/wp\/v2\/pages\/1653\/revisions\/5270"}],"wp:attachment":[{"href":"https:\/\/vastgoedexperts.be\/fr\/wp-json\/wp\/v2\/media?parent=1653"}],"curies":[{"name":"wp","href":"https:\/\/api.w.org\/{rel}","templated":true}]}}