{"id":2817,"date":"2024-11-14T15:00:31","date_gmt":"2024-11-14T15:00:31","guid":{"rendered":"https:\/\/vastgoedexperts.be\/?page_id=2817"},"modified":"2025-09-22T09:28:25","modified_gmt":"2025-09-22T09:28:25","slug":"label-energetique-pays-bas","status":"publish","type":"page","link":"https:\/\/vastgoedexperts.be\/fr\/energielabel\/","title":{"rendered":"Label \u00e9nerg\u00e9tique"},"content":{"rendered":"<div data-elementor-type=\"wp-page\" data-elementor-id=\"2817\" class=\"elementor elementor-2817\" data-elementor-post-type=\"page\">\n\t\t\t\t<div class=\"elementor-element elementor-element-32e7db7 e-flex e-con-boxed e-con e-parent\" data-id=\"32e7db7\" data-element_type=\"container\" data-e-type=\"container\" data-settings=\"{&quot;background_background&quot;:&quot;classic&quot;}\">\n\t\t\t\t\t<div class=\"e-con-inner\">\n\t\t<div class=\"elementor-element elementor-element-bbb06fe e-con-full e-flex e-con e-child\" data-id=\"bbb06fe\" data-element_type=\"container\" data-e-type=\"container\">\n\t\t\t\t<div class=\"elementor-element elementor-element-2a37e74 elementor-widget elementor-widget-heading\" data-id=\"2a37e74\" data-element_type=\"widget\" data-e-type=\"widget\" data-widget_type=\"heading.default\">\n\t\t\t\t<div class=\"elementor-widget-container\">\n\t\t\t\t\t<h1 class=\"elementor-heading-title elementor-size-default\">Label \u00e9nerg\u00e9tique Pays-Bas<\/h1>\t\t\t\t<\/div>\n\t\t\t\t<\/div>\n\t\t\t\t<div class=\"elementor-element elementor-element-b33e6a4 elementor-widget elementor-widget-text-editor\" data-id=\"b33e6a4\" data-element_type=\"widget\" data-e-type=\"widget\" data-widget_type=\"text-editor.default\">\n\t\t\t\t<div class=\"elementor-widget-container\">\n\t\t\t\t\t\t\t\t\tDemandez votre label \u00e9nerg\u00e9tique maintenant\t\t\t\t\t\t\t\t<\/div>\n\t\t\t\t<\/div>\n\t\t\t\t<div class=\"elementor-element elementor-element-264adb7 elementor-align-left elementor-widget elementor-widget-button\" data-id=\"264adb7\" data-element_type=\"widget\" data-e-type=\"widget\" data-widget_type=\"button.default\">\n\t\t\t\t<div class=\"elementor-widget-container\">\n\t\t\t\t\t\t\t\t\t<div class=\"elementor-button-wrapper\">\n\t\t\t\t\t<a class=\"elementor-button elementor-button-link elementor-size-sm\" href=\"#popup-energielabel\">\n\t\t\t\t\t\t<span class=\"elementor-button-content-wrapper\">\n\t\t\t\t\t\t\t\t\t<span class=\"elementor-button-text\">Demandez votre devis ici<\/span>\n\t\t\t\t\t<\/span>\n\t\t\t\t\t<\/a>\n\t\t\t\t<\/div>\n\t\t\t\t\t\t\t\t<\/div>\n\t\t\t\t<\/div>\n\t\t\t\t<\/div>\n\t\t\t\t\t<\/div>\n\t\t\t\t<\/div>\n\t\t<div class=\"elementor-element elementor-element-09fc5f6 e-con-full e-flex e-con e-parent\" data-id=\"09fc5f6\" data-element_type=\"container\" data-e-type=\"container\">\n\t\t<div class=\"elementor-element elementor-element-1bb4d91 e-con-full e-flex e-con e-child\" data-id=\"1bb4d91\" data-element_type=\"container\" data-e-type=\"container\">\n\t\t\t\t<div class=\"elementor-element elementor-element-ca40d7b vink elementor-widget elementor-widget-image\" data-id=\"ca40d7b\" data-element_type=\"widget\" data-e-type=\"widget\" data-widget_type=\"image.default\">\n\t\t\t\t<div class=\"elementor-widget-container\">\n\t\t\t\t\t\t\t\t\t\t\t\t\t\t\t<img fetchpriority=\"high\" decoding=\"async\" width=\"885\" height=\"709\" src=\"https:\/\/vastgoedexperts.be\/wp-content\/uploads\/2024\/08\/VE-fade.png\" class=\"attachment-large size-large wp-image-991\" alt=\"\" srcset=\"https:\/\/vastgoedexperts.be\/wp-content\/uploads\/2024\/08\/VE-fade.png 885w, https:\/\/vastgoedexperts.be\/wp-content\/uploads\/2024\/08\/VE-fade-300x240.png 300w, https:\/\/vastgoedexperts.be\/wp-content\/uploads\/2024\/08\/VE-fade-768x615.png 768w\" sizes=\"(max-width: 885px) 100vw, 885px\" \/>\t\t\t\t\t\t\t\t\t\t\t\t\t\t\t<\/div>\n\t\t\t\t<\/div>\n\t\t\t\t<\/div>\n\t\t\t\t<\/div>\n\t\t<div class=\"elementor-element elementor-element-956b44f e-flex e-con-boxed e-con e-parent\" data-id=\"956b44f\" data-element_type=\"container\" data-e-type=\"container\" data-settings=\"{&quot;background_background&quot;:&quot;classic&quot;}\">\n\t\t\t\t\t<div class=\"e-con-inner\">\n\t\t<div class=\"elementor-element elementor-element-b9fa801 e-con-full e-flex e-con e-child\" data-id=\"b9fa801\" data-element_type=\"container\" data-e-type=\"container\">\n\t\t\t\t<div class=\"elementor-element elementor-element-5bf95ae elementor-widget elementor-widget-heading\" data-id=\"5bf95ae\" data-element_type=\"widget\" data-e-type=\"widget\" data-widget_type=\"heading.default\">\n\t\t\t\t<div class=\"elementor-widget-container\">\n\t\t\t\t\t<h2 class=\"elementor-heading-title elementor-size-default\">Le label \u00e9nerg\u00e9tique aux Pays-Bas<\/h2>\t\t\t\t<\/div>\n\t\t\t\t<\/div>\n\t\t\t\t<div class=\"elementor-element elementor-element-5a0ead7 elementor-widget elementor-widget-text-editor\" data-id=\"5a0ead7\" data-element_type=\"widget\" data-e-type=\"widget\" data-widget_type=\"text-editor.default\">\n\t\t\t\t<div class=\"elementor-widget-container\">\n\t\t\t\t\t\t\t\t\t<p>Outre ses succursales belges, Vastgoedexperts dispose \u00e9galement d'une division aux Pays-Bas qui se consacre aux labels \u00e9nerg\u00e9tiques.<br>Le label \u00e9nerg\u00e9tique indique le degr\u00e9 d'efficacit\u00e9 \u00e9nerg\u00e9tique d'un bien immobilier. En tant que propri\u00e9taire, vous \u00eates tenu de pouvoir pr\u00e9senter un label \u00e0 l'acheteur ou au locataire lorsque vous vendez ou louez votre logement. Cette obligation s'applique \u00e9galement si vous construisez ou faites construire une nouvelle maison.<br>Gr\u00e2ce \u00e0 l'\u00e9tiquette maison, les acheteurs\/locataires potentiels connaissent imm\u00e9diatement l'efficacit\u00e9 \u00e9nerg\u00e9tique du bien qui les int\u00e9resse. Il donne \u00e9galement une indication de la facture \u00e9nerg\u00e9tique. L'\u00e9tiquette a \u00e9galement un impact important sur le prix d'un bien immobilier. Plus le score \u00e9nerg\u00e9tique est \u00e9lev\u00e9, plus le prix du bien est \u00e9lev\u00e9 et inversement.<\/p>\n<p>L'\u00e9tiquette \u00e9nerg\u00e9tique est valable 10 ans \u00e0 partir de la date d'enregistrement. Si vous avez apport\u00e9 des am\u00e9liorations \u00e0 votre habitation, vous \u00eates libre de faire \u00e9tablir une nouvelle \u00e9tiquette. Cela peut s'av\u00e9rer judicieux, par exemple, si vous souhaitez vendre votre logement.<\/p>\n<p><strong>Attention :<\/strong> L'\u00e9quivalent belge du label \u00e9nerg\u00e9tique est le certificat EPC. Vous trouverez plus d'informations \u00e0 ce sujet sur notre site <a href=\"https:\/\/vastgoedexperts.be\/fr\/inspection-peb\/\">Page CPE<\/a>.<\/p>\t\t\t\t\t\t\t\t<\/div>\n\t\t\t\t<\/div>\n\t\t\t\t<\/div>\n\t\t<div class=\"elementor-element elementor-element-042ae47 e-con-full e-flex e-con e-child\" data-id=\"042ae47\" data-element_type=\"container\" data-e-type=\"container\" data-settings=\"{&quot;background_background&quot;:&quot;classic&quot;}\">\n\t\t\t\t<\/div>\n\t\t\t\t\t<\/div>\n\t\t\t\t<\/div>\n\t\t<div class=\"elementor-element elementor-element-7806710 e-flex e-con-boxed e-con e-parent\" data-id=\"7806710\" data-element_type=\"container\" data-e-type=\"container\" data-settings=\"{&quot;background_background&quot;:&quot;classic&quot;}\">\n\t\t\t\t\t<div class=\"e-con-inner\">\n\t\t<div class=\"elementor-element elementor-element-9dd7fe3 e-con-full e-flex e-con e-child\" data-id=\"9dd7fe3\" data-element_type=\"container\" data-e-type=\"container\">\n\t\t\t\t<div class=\"elementor-element elementor-element-4b05995 elementor-widget elementor-widget-heading\" data-id=\"4b05995\" data-element_type=\"widget\" data-e-type=\"widget\" data-widget_type=\"heading.default\">\n\t\t\t\t<div class=\"elementor-widget-container\">\n\t\t\t\t\t<p class=\"elementor-heading-title elementor-size-default\">Le label \u00e9nerg\u00e9tique et votre pr\u00eat hypoth\u00e9caire<\/p>\t\t\t\t<\/div>\n\t\t\t\t<\/div>\n\t\t\t\t<div class=\"elementor-element elementor-element-abdaa0f elementor-widget elementor-widget-text-editor\" data-id=\"abdaa0f\" data-element_type=\"widget\" data-e-type=\"widget\" data-widget_type=\"text-editor.default\">\n\t\t\t\t<div class=\"elementor-widget-container\">\n\t\t\t\t\t\t\t\t\t<p>Saviez-vous que le label \u00e9nerg\u00e9tique peut \u00e9galement avoir un impact sur votre pr\u00eat bancaire ? Un label \u00e9nerg\u00e9tique favorable peut signifier que vous pouvez emprunter davantage aupr\u00e8s de certaines banques pour acheter votre maison. Les propri\u00e9taires d'une maison durable auront des co\u00fbts \u00e9nerg\u00e9tiques moins \u00e9lev\u00e9s, ce qui justifiera un pr\u00eat hypoth\u00e9caire plus important.<\/p>\t\t\t\t\t\t\t\t<\/div>\n\t\t\t\t<\/div>\n\t\t\t\t<\/div>\n\t\t\t\t\t<\/div>\n\t\t\t\t<\/div>\n\t\t<div class=\"elementor-element elementor-element-8743049 e-con-full e-flex e-con e-parent\" data-id=\"8743049\" data-element_type=\"container\" data-e-type=\"container\">\n\t\t\t\t<div class=\"elementor-element elementor-element-cae38e5 elementor-widget elementor-widget-image\" data-id=\"cae38e5\" data-element_type=\"widget\" data-e-type=\"widget\" data-widget_type=\"image.default\">\n\t\t\t\t<div class=\"elementor-widget-container\">\n\t\t\t\t\t\t\t\t\t\t\t\t\t\t\t<img decoding=\"async\" width=\"575\" height=\"606\" data-src=\"https:\/\/vastgoedexperts.be\/wp-content\/uploads\/2024\/08\/V-rechts1.png\" class=\"attachment-large size-large wp-image-928 lazyload\" alt=\"\" data-srcset=\"https:\/\/vastgoedexperts.be\/wp-content\/uploads\/2024\/08\/V-rechts1.png 575w, https:\/\/vastgoedexperts.be\/wp-content\/uploads\/2024\/08\/V-rechts1-285x300.png 285w\" data-sizes=\"(max-width: 575px) 100vw, 575px\" src=\"data:image\/svg+xml;base64,PHN2ZyB3aWR0aD0iMSIgaGVpZ2h0PSIxIiB4bWxucz0iaHR0cDovL3d3dy53My5vcmcvMjAwMC9zdmciPjwvc3ZnPg==\" style=\"--smush-placeholder-width: 575px; --smush-placeholder-aspect-ratio: 575\/606;\" \/>\t\t\t\t\t\t\t\t\t\t\t\t\t\t\t<\/div>\n\t\t\t\t<\/div>\n\t\t\t\t<\/div>\n\t\t<div class=\"elementor-element elementor-element-cc5c53b blue-h3 e-flex e-con-boxed e-con e-parent\" data-id=\"cc5c53b\" data-element_type=\"container\" data-e-type=\"container\" data-settings=\"{&quot;background_background&quot;:&quot;classic&quot;}\">\n\t\t\t\t\t<div class=\"e-con-inner\">\n\t\t<div class=\"elementor-element elementor-element-9e6c9e9 e-con-full e-flex e-con e-child\" data-id=\"9e6c9e9\" data-element_type=\"container\" data-e-type=\"container\" data-settings=\"{&quot;background_background&quot;:&quot;classic&quot;}\">\n\t\t\t\t<\/div>\n\t\t<div class=\"elementor-element elementor-element-fd0d315 e-con-full e-flex e-con e-child\" data-id=\"fd0d315\" data-element_type=\"container\" data-e-type=\"container\">\n\t\t\t\t<div class=\"elementor-element elementor-element-167654e elementor-widget elementor-widget-heading\" data-id=\"167654e\" data-element_type=\"widget\" data-e-type=\"widget\" data-widget_type=\"heading.default\">\n\t\t\t\t<div class=\"elementor-widget-container\">\n\t\t\t\t\t<h2 class=\"elementor-heading-title elementor-size-default\">Comment se d\u00e9roule une inspection ?<\/h2>\t\t\t\t<\/div>\n\t\t\t\t<\/div>\n\t\t\t\t<div class=\"elementor-element elementor-element-da4e066 elementor-widget elementor-widget-text-editor\" data-id=\"da4e066\" data-element_type=\"widget\" data-e-type=\"widget\" data-widget_type=\"text-editor.default\">\n\t\t\t\t<div class=\"elementor-widget-container\">\n\t\t\t\t\t\t\t\t\t<p>Un expert en \u00e9nergie de Real Estate Experts se rend sur place et proc\u00e8de \u00e0 une analyse approfondie du syst\u00e8me de chauffage, de la production d'eau chaude, des fen\u00eatres et des portes, des \u00e9nergies renouvelables, etc. Les mat\u00e9riaux d'isolation utilis\u00e9s jouent \u00e9galement un r\u00f4le important dans la d\u00e9termination du score \u00e9nerg\u00e9tique.<\/p><p>Dans chaque cas, l'examen est effectu\u00e9 conform\u00e9ment aux lignes directrices prescrites par l'ISSO. Gr\u00e2ce \u00e0 ces directives, l'inspecteur sur place n'a aucune marge d'interpr\u00e9tation. Chez Real Estate Experts, nous attachons une grande importance \u00e0 un label de qualit\u00e9 et objectif. Nos experts en \u00e9nergie sont de v\u00e9ritables experts dans leur domaine et suivent r\u00e9guli\u00e8rement des formations compl\u00e9mentaires afin d'affiner leurs connaissances et leurs comp\u00e9tences.<\/p><p>Sur la base des conclusions de nos experts, votre maison se voit attribuer un score \u00e9nerg\u00e9tique allant de A++++ (tr\u00e8s \u00e9conome en \u00e9nergie) \u00e0 G (pas du tout \u00e9conome en \u00e9nergie). Heureusement, il existe de nombreuses mesures que vous pouvez prendre pour am\u00e9liorer le score \u00e9nerg\u00e9tique de votre logement. Le label \u00e9nerg\u00e9tique contient \u00e9galement des conseils sur la mani\u00e8re de rendre votre logement plus \u00e9conome en \u00e9nergie \u00e0 l'avenir.<\/p><p>De plus amples informations sont disponibles sur le site web de l'Agence n\u00e9erlandaise pour l'environnement. <a href=\"https:\/\/www.rijksoverheid.nl\/onderwerpen\/energielabel-woningen-en-gebouwen\/energielabel-woning\" target=\"_blank\" rel=\"noopener\">Le gouvernement central.<\/a><\/p>\t\t\t\t\t\t\t\t<\/div>\n\t\t\t\t<\/div>\n\t\t\t\t<\/div>\n\t\t\t\t\t<\/div>\n\t\t\t\t<\/div>\n\t\t<div class=\"elementor-element elementor-element-d240bf5 e-flex e-con-boxed e-con e-parent\" data-id=\"d240bf5\" data-element_type=\"container\" data-e-type=\"container\" data-settings=\"{&quot;background_background&quot;:&quot;classic&quot;}\">\n\t\t\t\t\t<div class=\"e-con-inner\">\n\t\t<div class=\"elementor-element elementor-element-95393d5 e-con-full e-flex e-con e-child\" data-id=\"95393d5\" data-element_type=\"container\" data-e-type=\"container\" data-settings=\"{&quot;background_background&quot;:&quot;classic&quot;}\">\n\t\t\t\t<div class=\"elementor-element elementor-element-b5c1b3e elementor-widget elementor-widget-heading\" data-id=\"b5c1b3e\" data-element_type=\"widget\" data-e-type=\"widget\" data-widget_type=\"heading.default\">\n\t\t\t\t<div class=\"elementor-widget-container\">\n\t\t\t\t\t<h2 class=\"elementor-heading-title elementor-size-default\">Planifiez facilement d\u00e8s maintenant <span class=\"mobile-break\"><\/br><\/span>votre rendez-vous en<\/h2>\t\t\t\t<\/div>\n\t\t\t\t<\/div>\n\t\t\t\t<div class=\"elementor-element elementor-element-98d1417 elementor-widget elementor-widget-text-editor\" data-id=\"98d1417\" data-element_type=\"widget\" data-e-type=\"widget\" data-widget_type=\"text-editor.default\">\n\t\t\t\t<div class=\"elementor-widget-container\">\n\t\t\t\t\t\t\t\t\tVastgoedexperts s'adressent aussi bien aux professionnels qu'aux particuliers. <\/br>Faites votre choix ci-dessous et nous vous aiderons rapidement !\t\t\t\t\t\t\t\t<\/div>\n\t\t\t\t<\/div>\n\t\t<div class=\"elementor-element elementor-element-b91d0f2 e-con-full e-flex e-con e-child\" data-id=\"b91d0f2\" data-element_type=\"container\" data-e-type=\"container\">\n\t\t\t\t<div class=\"elementor-element elementor-element-dc7f6ff elementor-align-left elementor-widget elementor-widget-button\" data-id=\"dc7f6ff\" data-element_type=\"widget\" data-e-type=\"widget\" data-widget_type=\"button.default\">\n\t\t\t\t<div class=\"elementor-widget-container\">\n\t\t\t\t\t\t\t\t\t<div class=\"elementor-button-wrapper\">\n\t\t\t\t\t<a class=\"elementor-button elementor-button-link elementor-size-sm\" href=\"#popup-energielabel\">\n\t\t\t\t\t\t<span class=\"elementor-button-content-wrapper\">\n\t\t\t\t\t\t\t\t\t<span class=\"elementor-button-text\">Demande de label \u00e9nerg\u00e9tique<\/span>\n\t\t\t\t\t<\/span>\n\t\t\t\t\t<\/a>\n\t\t\t\t<\/div>\n\t\t\t\t\t\t\t\t<\/div>\n\t\t\t\t<\/div>\n\t\t\t\t<\/div>\n\t\t\t\t<\/div>\n\t\t\t\t\t<\/div>\n\t\t\t\t<\/div>\n\t\t\t\t<\/div>","protected":false},"excerpt":{"rendered":"<p>Energielabel Nederland Vraag nu je energielabel aan Vraag hier je offerte aan Het energielabel in Nederland Vastgoedexperts heeft naast z\u2019n Belgische vestigingen ook een afdeling in Nederland die zich bezighoudt met het opmaken van energielabels.Het energielabel geeft aan hoe energiezuinig een woning is. Als eigenaar ben je verplicht om bij de verkoop of verhuur van [&hellip;]<\/p>\n","protected":false},"author":2,"featured_media":0,"parent":0,"menu_order":0,"comment_status":"closed","ping_status":"closed","template":"","meta":{"_acf_changed":false,"site-sidebar-layout":"no-sidebar","site-content-layout":"page-builder","ast-site-content-layout":"full-width-container","site-content-style":"default","site-sidebar-style":"default","ast-global-header-display":"","ast-banner-title-visibility":"","ast-main-header-display":"","ast-hfb-above-header-display":"","ast-hfb-below-header-display":"","ast-hfb-mobile-header-display":"","site-post-title":"disabled","ast-breadcrumbs-content":"","ast-featured-img":"disabled","footer-sml-layout":"","ast-disable-related-posts":"","theme-transparent-header-meta":"default","adv-header-id-meta":"","stick-header-meta":"","header-above-stick-meta":"","header-main-stick-meta":"","header-below-stick-meta":"","astra-migrate-meta-layouts":"set","ast-page-background-enabled":"default","ast-page-background-meta":{"desktop":{"background-color":"var(--ast-global-color-4)","background-image":"","background-repeat":"repeat","background-position":"center center","background-size":"auto","background-attachment":"scroll","background-type":"","background-media":"","overlay-type":"","overlay-color":"","overlay-opacity":"","overlay-gradient":""},"tablet":{"background-color":"","background-image":"","background-repeat":"repeat","background-position":"center center","background-size":"auto","background-attachment":"scroll","background-type":"","background-media":"","overlay-type":"","overlay-color":"","overlay-opacity":"","overlay-gradient":""},"mobile":{"background-color":"","background-image":"","background-repeat":"repeat","background-position":"center center","background-size":"auto","background-attachment":"scroll","background-type":"","background-media":"","overlay-type":"","overlay-color":"","overlay-opacity":"","overlay-gradient":""}},"ast-content-background-meta":{"desktop":{"background-color":"var(--ast-global-color-5)","background-image":"","background-repeat":"repeat","background-position":"center center","background-size":"auto","background-attachment":"scroll","background-type":"","background-media":"","overlay-type":"","overlay-color":"","overlay-opacity":"","overlay-gradient":""},"tablet":{"background-color":"var(--ast-global-color-5)","background-image":"","background-repeat":"repeat","background-position":"center center","background-size":"auto","background-attachment":"scroll","background-type":"","background-media":"","overlay-type":"","overlay-color":"","overlay-opacity":"","overlay-gradient":""},"mobile":{"background-color":"var(--ast-global-color-5)","background-image":"","background-repeat":"repeat","background-position":"center center","background-size":"auto","background-attachment":"scroll","background-type":"","background-media":"","overlay-type":"","overlay-color":"","overlay-opacity":"","overlay-gradient":""}},"footnotes":""},"class_list":["post-2817","page","type-page","status-publish","hentry"],"acf":[],"_links":{"self":[{"href":"https:\/\/vastgoedexperts.be\/fr\/wp-json\/wp\/v2\/pages\/2817","targetHints":{"allow":["GET"]}}],"collection":[{"href":"https:\/\/vastgoedexperts.be\/fr\/wp-json\/wp\/v2\/pages"}],"about":[{"href":"https:\/\/vastgoedexperts.be\/fr\/wp-json\/wp\/v2\/types\/page"}],"author":[{"embeddable":true,"href":"https:\/\/vastgoedexperts.be\/fr\/wp-json\/wp\/v2\/users\/2"}],"replies":[{"embeddable":true,"href":"https:\/\/vastgoedexperts.be\/fr\/wp-json\/wp\/v2\/comments?post=2817"}],"version-history":[{"count":78,"href":"https:\/\/vastgoedexperts.be\/fr\/wp-json\/wp\/v2\/pages\/2817\/revisions"}],"predecessor-version":[{"id":5433,"href":"https:\/\/vastgoedexperts.be\/fr\/wp-json\/wp\/v2\/pages\/2817\/revisions\/5433"}],"wp:attachment":[{"href":"https:\/\/vastgoedexperts.be\/fr\/wp-json\/wp\/v2\/media?parent=2817"}],"curies":[{"name":"wp","href":"https:\/\/api.w.org\/{rel}","templated":true}]}}