{"id":3451,"date":"2024-11-21T07:51:49","date_gmt":"2024-11-21T07:51:49","guid":{"rendered":"https:\/\/vastgoedexperts.be\/?page_id=3451"},"modified":"2024-11-27T09:59:01","modified_gmt":"2024-11-27T09:59:01","slug":"conditions-dutilisation","status":"publish","type":"page","link":"https:\/\/vastgoedexperts.be\/fr\/gebruiksvoorwaarden\/","title":{"rendered":"Conditions d'utilisation"},"content":{"rendered":"<div data-elementor-type=\"wp-page\" data-elementor-id=\"3451\" class=\"elementor elementor-3451\" data-elementor-post-type=\"page\">\n\t\t\t\t<div class=\"elementor-element elementor-element-90a0ecb e-flex e-con-boxed e-con e-parent\" data-id=\"90a0ecb\" data-element_type=\"container\" data-e-type=\"container\">\n\t\t\t\t\t<div class=\"e-con-inner\">\n\t\t<div class=\"elementor-element elementor-element-a56cde0 e-con-full e-flex e-con e-child\" data-id=\"a56cde0\" data-element_type=\"container\" data-e-type=\"container\">\n\t\t\t\t<div class=\"elementor-element elementor-element-a70823d elementor-widget elementor-widget-heading\" data-id=\"a70823d\" data-element_type=\"widget\" data-e-type=\"widget\" data-widget_type=\"heading.default\">\n\t\t\t\t<div class=\"elementor-widget-container\">\n\t\t\t\t\t<h1 class=\"elementor-heading-title elementor-size-default\"><span class=\"lichtblauw-accent\">Conditions d'utilisation<\/span><\/h1>\t\t\t\t<\/div>\n\t\t\t\t<\/div>\n\t\t\t\t<div class=\"elementor-element elementor-element-8555560 elementor-widget elementor-widget-text-editor\" data-id=\"8555560\" data-element_type=\"widget\" data-e-type=\"widget\" data-widget_type=\"text-editor.default\">\n\t\t\t\t<div class=\"elementor-widget-container\">\n\t\t\t\t\t\t\t\t\t<h3>Conditions d'utilisation du site web (clause de non-responsabilit\u00e9)<\/h3>\n<p>L'utilisation du site web www.vastgoedexperts.be (le \"site web\") est soumise aux conditions d'utilisation \u00e9nonc\u00e9es ci-dessous. L'utilisation du site web implique l'acceptation de ces conditions. Ces derni\u00e8res sont susceptibles d'\u00eatre modifi\u00e9es : les conditions applicables sont celles en vigueur au moment de chaque connexion. Le site web appartient \u00e0 real estate experts, dont le si\u00e8ge social est situ\u00e9 \u00e0 Langvoort 17 2430 Laakdal, Belgique et dont le num\u00e9ro d'entreprise est BE 0667.567.856 (ci-apr\u00e8s \"nous\" ou \"l'entreprise\").<\/p>\n<h3>Utiliser le site web<\/h3>\n<p>Nous consacrons beaucoup d'efforts \u00e0 notre site web. Malgr\u00e9 ces efforts, nous ne pouvons pas garantir que les informations contenues sur le site sont totalement correctes, pr\u00e9cises et \u00e0 jour. Ces donn\u00e9es ne peuvent donc \u00eatre utilis\u00e9es qu'\u00e0 titre d'information g\u00e9n\u00e9rale. Nous ne pouvons pas non plus \u00eatre tenus responsables des dommages (in)directs r\u00e9sultant de l'utilisation du site web ou sur la base des informations mises \u00e0 disposition via le site web. Le site web peut contenir des fichiers de tiers ou des hyperliens ou autres r\u00e9f\u00e9rences \u00e0 des sites web de tiers. Notre soci\u00e9t\u00e9 ne peut en aucun cas en \u00eatre tenue responsable. En outre, nous nous r\u00e9servons le droit de modifier, d'amender ou de compl\u00e9ter le contenu du site web \u00e0 tout moment.<\/p>\n<h3>Propri\u00e9t\u00e9 intellectuelle<\/h3>\n<p>L'utilisation du site web ne conf\u00e8re \u00e0 l'utilisateur aucun droit de propri\u00e9t\u00e9 intellectuelle. Le contenu du site et les informations mises \u00e0 disposition appartiennent \u00e0 la propri\u00e9t\u00e9 intellectuelle exclusive de l'entreprise. Les informations consultables sur le site, sa conception, les textes, dessins, photos, donn\u00e9es, logos, marques et autres \u00e9l\u00e9ments affich\u00e9s sont prot\u00e9g\u00e9s par le droit des marques et\/ou le droit d'auteur et\/ou d'autres r\u00e9glementations applicables, et ne peuvent \u00eatre reproduits sous quelque forme et par quelque moyen que ce soit. Toute infraction donnera lieu \u00e0 des poursuites judiciaires.<\/p>\n<h3>Protection des donn\u00e9es personnelles<\/h3>\n<p>notre soci\u00e9t\u00e9 prend au s\u00e9rieux ses obligations en mati\u00e8re de protection de la vie priv\u00e9e et des donn\u00e9es. Pour plus d'informations, veuillez consulter notre avis sur la protection des donn\u00e9es.<\/p>\n<h3>Cookies<\/h3>\n<p>Le site web peut utiliser des cookies, qui permettent de stocker des informations pour faciliter l'utilisation du site web. Vous pouvez g\u00e9rer et\/ou d\u00e9sactiver l'utilisation des cookies dans votre navigateur. Toutefois, dans ce dernier cas, votre visite risque d'\u00eatre moins fluide. L'acceptation des cookies, via votre navigateur, peut en outre \u00eatre n\u00e9cessaire pour acc\u00e9der aux parties du site web qui requi\u00e8rent l'identification de l'utilisateur.<\/p>\n<h3>Droit belge<\/h3>\n<p>L'acc\u00e8s, la visite ou l'utilisation du site web et les pr\u00e9sentes conditions d'utilisation sont r\u00e9gis par le droit belge. En cas de litige, seuls les tribunaux du si\u00e8ge social de la soci\u00e9t\u00e9 sont comp\u00e9tents.<\/p>\t\t\t\t\t\t\t\t<\/div>\n\t\t\t\t<\/div>\n\t\t\t\t<\/div>\n\t\t\t\t\t<\/div>\n\t\t\t\t<\/div>\n\t\t\t\t<\/div>","protected":false},"excerpt":{"rendered":"<p>Gebruiksvoorwaarden Gebruiksvoorwaarden website (disclaimer) Het gebruik van de website van www.vastgoedexperts.be (de \u201cwebsite\u201d) is onderworpen aan de hierna opgenomen gebruiksvoorwaarden. Het gebruik van de website geldt als aanvaarding van deze voorwaarden. Deze laatste kunnen worden gewijzigd: de toepasselijke voorwaarden zijn die welke gelden op het ogenblik van elke verbinding. De website behoort toe aan vastgoed [&hellip;]<\/p>\n","protected":false},"author":2,"featured_media":0,"parent":0,"menu_order":0,"comment_status":"closed","ping_status":"closed","template":"","meta":{"_acf_changed":false,"site-sidebar-layout":"no-sidebar","site-content-layout":"page-builder","ast-site-content-layout":"full-width-container","site-content-style":"default","site-sidebar-style":"default","ast-global-header-display":"","ast-banner-title-visibility":"","ast-main-header-display":"","ast-hfb-above-header-display":"","ast-hfb-below-header-display":"","ast-hfb-mobile-header-display":"","site-post-title":"disabled","ast-breadcrumbs-content":"","ast-featured-img":"disabled","footer-sml-layout":"","ast-disable-related-posts":"","theme-transparent-header-meta":"default","adv-header-id-meta":"","stick-header-meta":"","header-above-stick-meta":"","header-main-stick-meta":"","header-below-stick-meta":"","astra-migrate-meta-layouts":"set","ast-page-background-enabled":"default","ast-page-background-meta":{"desktop":{"background-color":"var(--ast-global-color-4)","background-image":"","background-repeat":"repeat","background-position":"center center","background-size":"auto","background-attachment":"scroll","background-type":"","background-media":"","overlay-type":"","overlay-color":"","overlay-opacity":"","overlay-gradient":""},"tablet":{"background-color":"","background-image":"","background-repeat":"repeat","background-position":"center center","background-size":"auto","background-attachment":"scroll","background-type":"","background-media":"","overlay-type":"","overlay-color":"","overlay-opacity":"","overlay-gradient":""},"mobile":{"background-color":"","background-image":"","background-repeat":"repeat","background-position":"center center","background-size":"auto","background-attachment":"scroll","background-type":"","background-media":"","overlay-type":"","overlay-color":"","overlay-opacity":"","overlay-gradient":""}},"ast-content-background-meta":{"desktop":{"background-color":"var(--ast-global-color-5)","background-image":"","background-repeat":"repeat","background-position":"center center","background-size":"auto","background-attachment":"scroll","background-type":"","background-media":"","overlay-type":"","overlay-color":"","overlay-opacity":"","overlay-gradient":""},"tablet":{"background-color":"var(--ast-global-color-5)","background-image":"","background-repeat":"repeat","background-position":"center center","background-size":"auto","background-attachment":"scroll","background-type":"","background-media":"","overlay-type":"","overlay-color":"","overlay-opacity":"","overlay-gradient":""},"mobile":{"background-color":"var(--ast-global-color-5)","background-image":"","background-repeat":"repeat","background-position":"center center","background-size":"auto","background-attachment":"scroll","background-type":"","background-media":"","overlay-type":"","overlay-color":"","overlay-opacity":"","overlay-gradient":""}},"footnotes":""},"class_list":["post-3451","page","type-page","status-publish","hentry"],"acf":[],"_links":{"self":[{"href":"https:\/\/vastgoedexperts.be\/fr\/wp-json\/wp\/v2\/pages\/3451","targetHints":{"allow":["GET"]}}],"collection":[{"href":"https:\/\/vastgoedexperts.be\/fr\/wp-json\/wp\/v2\/pages"}],"about":[{"href":"https:\/\/vastgoedexperts.be\/fr\/wp-json\/wp\/v2\/types\/page"}],"author":[{"embeddable":true,"href":"https:\/\/vastgoedexperts.be\/fr\/wp-json\/wp\/v2\/users\/2"}],"replies":[{"embeddable":true,"href":"https:\/\/vastgoedexperts.be\/fr\/wp-json\/wp\/v2\/comments?post=3451"}],"version-history":[{"count":14,"href":"https:\/\/vastgoedexperts.be\/fr\/wp-json\/wp\/v2\/pages\/3451\/revisions"}],"predecessor-version":[{"id":5015,"href":"https:\/\/vastgoedexperts.be\/fr\/wp-json\/wp\/v2\/pages\/3451\/revisions\/5015"}],"wp:attachment":[{"href":"https:\/\/vastgoedexperts.be\/fr\/wp-json\/wp\/v2\/media?parent=3451"}],"curies":[{"name":"wp","href":"https:\/\/api.w.org\/{rel}","templated":true}]}}