{"id":3991,"date":"2024-12-12T08:33:43","date_gmt":"2024-12-12T08:33:43","guid":{"rendered":"https:\/\/vastgoedexperts.be\/?page_id=3991"},"modified":"2025-10-22T07:12:58","modified_gmt":"2025-10-22T07:12:58","slug":"a-propos-de-vastgoedexperts","status":"publish","type":"page","link":"https:\/\/vastgoedexperts.be\/fr\/over-vastgoedexperts\/","title":{"rendered":"\u00c0 propos de Vastgoedexperts"},"content":{"rendered":"<div data-elementor-type=\"wp-page\" data-elementor-id=\"3991\" class=\"elementor elementor-3991\" data-elementor-post-type=\"page\">\n\t\t\t\t<div class=\"elementor-element elementor-element-9136b71 e-con-full e-flex e-con e-parent\" data-id=\"9136b71\" data-element_type=\"container\" data-e-type=\"container\">\n\t\t<div class=\"elementor-element elementor-element-8243294 e-con-full e-flex e-con e-child\" data-id=\"8243294\" data-element_type=\"container\" data-e-type=\"container\" data-settings=\"{&quot;background_background&quot;:&quot;classic&quot;}\">\n\t\t\t\t<div class=\"elementor-element elementor-element-cf43e7b elementor-widget__width-initial elementor-widget elementor-widget-heading\" data-id=\"cf43e7b\" data-element_type=\"widget\" data-e-type=\"widget\" data-widget_type=\"heading.default\">\n\t\t\t\t<div class=\"elementor-widget-container\">\n\t\t\t\t\t<h1 class=\"elementor-heading-title elementor-size-default\">\u00c0 propos de Vastgoedexperts<\/h1>\t\t\t\t<\/div>\n\t\t\t\t<\/div>\n\t\t\t\t<div class=\"elementor-element elementor-element-f0ee677 elementor-widget elementor-widget-text-editor\" data-id=\"f0ee677\" data-element_type=\"widget\" data-e-type=\"widget\" data-widget_type=\"text-editor.default\">\n\t\t\t\t<div class=\"elementor-widget-container\">\n\t\t\t\t\t\t\t\t\t<p>Real Estate Experts est un guichet unique pour les professionnels de l'immobilier et les particuliers. Chaque jour, nous effectuons quelque 300 inspections dans toute la Belgique. Nous pouvons donc nous targuer d'\u00eatre un nom \u00e9tabli dans le paysage de l'inspection.<\/p>\t\t\t\t\t\t\t\t<\/div>\n\t\t\t\t<\/div>\n\t\t\t\t<\/div>\n\t\t<div class=\"elementor-element elementor-element-5203a6d e-con-full e-flex e-con e-child\" data-id=\"5203a6d\" data-element_type=\"container\" data-e-type=\"container\" data-settings=\"{&quot;background_background&quot;:&quot;classic&quot;}\">\n\t\t\t\t<div class=\"elementor-element elementor-element-926de26 elementor-hidden-mobile elementor-widget elementor-widget-image\" data-id=\"926de26\" data-element_type=\"widget\" data-e-type=\"widget\" data-widget_type=\"image.default\">\n\t\t\t\t<div class=\"elementor-widget-container\">\n\t\t\t\t\t\t\t\t\t\t\t\t\t\t\t<img fetchpriority=\"high\" decoding=\"async\" width=\"885\" height=\"709\" src=\"https:\/\/vastgoedexperts.be\/wp-content\/uploads\/2024\/08\/VE-fade.png\" class=\"attachment-large size-large wp-image-991\" alt=\"\" srcset=\"https:\/\/vastgoedexperts.be\/wp-content\/uploads\/2024\/08\/VE-fade.png 885w, https:\/\/vastgoedexperts.be\/wp-content\/uploads\/2024\/08\/VE-fade-300x240.png 300w, https:\/\/vastgoedexperts.be\/wp-content\/uploads\/2024\/08\/VE-fade-768x615.png 768w\" sizes=\"(max-width: 885px) 100vw, 885px\" \/>\t\t\t\t\t\t\t\t\t\t\t\t\t\t\t<\/div>\n\t\t\t\t<\/div>\n\t\t\t\t<\/div>\n\t\t\t\t<\/div>\n\t\t<div class=\"elementor-element elementor-element-461e94b e-flex e-con-boxed e-con e-parent\" data-id=\"461e94b\" data-element_type=\"container\" data-e-type=\"container\" data-settings=\"{&quot;background_background&quot;:&quot;classic&quot;}\">\n\t\t\t\t\t<div class=\"e-con-inner\">\n\t\t<div class=\"elementor-element elementor-element-1cf0cc1 e-con-full e-flex e-con e-child\" data-id=\"1cf0cc1\" data-element_type=\"container\" data-e-type=\"container\">\n\t\t\t\t<div class=\"elementor-element elementor-element-95b73f9 elementor-widget elementor-widget-heading\" data-id=\"95b73f9\" data-element_type=\"widget\" data-e-type=\"widget\" data-widget_type=\"heading.default\">\n\t\t\t\t<div class=\"elementor-widget-container\">\n\t\t\t\t\t<h2 class=\"elementor-heading-title elementor-size-default\">Plus qu'une entreprise<\/h2>\t\t\t\t<\/div>\n\t\t\t\t<\/div>\n\t\t\t\t<div class=\"elementor-element elementor-element-3cde916 elementor-widget elementor-widget-text-editor\" data-id=\"3cde916\" data-element_type=\"widget\" data-e-type=\"widget\" data-widget_type=\"text-editor.default\">\n\t\t\t\t<div class=\"elementor-widget-container\">\n\t\t\t\t\t\t\t\t\t<p>Vastgoedexperts est un concept tout-en-un pour les agents immobiliers et les particuliers. Nous proposons diff\u00e9rents services importants pour la vente ou la location de biens immobiliers. Pensez aux inspections EPC, aux inventaires d'amiante, aux \u00e9tats des lieux, aux contr\u00f4les \u00e9lectriques, aux inspections des r\u00e9servoirs de mazout, \u00e0 l'installation de panneaux immobiliers, etc.<\/p><p>Nous veillons \u00e0 ce que vous soyez totalement d\u00e9charg\u00e9, afin que vous puissiez vous concentrer pleinement sur ce qui compte vraiment : la vente.  Dans tout ce que nous faisons, nous mettons l'accent sur un service rapide et de qualit\u00e9. Nous ne travaillons qu'avec nos propres inspecteurs certifi\u00e9s, assist\u00e9s \u00e0 tout moment par une \u00e9quipe de contr\u00f4leurs de qualit\u00e9 exp\u00e9riment\u00e9s.\u00a0<\/p><p>Quels que soient vos besoins, nos experts sont l\u00e0 pour vous ! Vous souhaitez les rencontrer ? N'h\u00e9sitez pas \u00e0 nous contacter.<\/p><p>Pour de plus amples informations sur les obligations relatives \u00e0 l'amiante, aux CPE, aux r\u00e9servoirs de mazout, aux inspections \u00e9lectriques,..., veuillez consulter notre site web.\u00a0<a href=\"https:\/\/vastgoedexperts.be\/fr\/blog\/\">page du blog<\/a>\u00a0ou le site web de\u00a0<a href=\"https:\/\/www.spotto.be\/nl\/webshop\/detail\/7fbb530e-a86a-4955-b351-6a0e8c7976dc\" target=\"_blank\" rel=\"noopener\">Spotto<\/a>.<\/p>\t\t\t\t\t\t\t\t<\/div>\n\t\t\t\t<\/div>\n\t\t\t\t<\/div>\n\t\t<div class=\"elementor-element elementor-element-472c97d e-con-full elementor-hidden-mobile e-flex e-con e-child\" data-id=\"472c97d\" data-element_type=\"container\" data-e-type=\"container\">\n\t\t<div class=\"elementor-element elementor-element-bc2a758 e-con-full e-flex e-con e-child\" data-id=\"bc2a758\" data-element_type=\"container\" data-e-type=\"container\">\n\t\t\t\t<div class=\"elementor-element elementor-element-12a98dd elementor-widget elementor-widget-image\" data-id=\"12a98dd\" data-element_type=\"widget\" data-e-type=\"widget\" data-widget_type=\"image.default\">\n\t\t\t\t<div class=\"elementor-widget-container\">\n\t\t\t\t\t\t\t\t\t\t\t\t\t\t\t<img decoding=\"async\" width=\"1024\" height=\"570\" data-src=\"https:\/\/vastgoedexperts.be\/wp-content\/uploads\/2024\/12\/Vastgoedexperts-Over-ons-1024x570.webp\" class=\"attachment-large size-large wp-image-4038 lazyload\" alt=\"A propos de nous Experts immobiliers\" data-srcset=\"https:\/\/vastgoedexperts.be\/wp-content\/uploads\/2024\/12\/Vastgoedexperts-Over-ons-1024x570.webp 1024w, https:\/\/vastgoedexperts.be\/wp-content\/uploads\/2024\/12\/Vastgoedexperts-Over-ons-300x167.webp 300w, https:\/\/vastgoedexperts.be\/wp-content\/uploads\/2024\/12\/Vastgoedexperts-Over-ons-768x427.webp 768w, https:\/\/vastgoedexperts.be\/wp-content\/uploads\/2024\/12\/Vastgoedexperts-Over-ons-1536x854.webp 1536w, https:\/\/vastgoedexperts.be\/wp-content\/uploads\/2024\/12\/Vastgoedexperts-Over-ons-18x10.webp 18w, https:\/\/vastgoedexperts.be\/wp-content\/uploads\/2024\/12\/Vastgoedexperts-Over-ons.webp 1600w\" data-sizes=\"(max-width: 1024px) 100vw, 1024px\" src=\"data:image\/svg+xml;base64,PHN2ZyB3aWR0aD0iMSIgaGVpZ2h0PSIxIiB4bWxucz0iaHR0cDovL3d3dy53My5vcmcvMjAwMC9zdmciPjwvc3ZnPg==\" style=\"--smush-placeholder-width: 1024px; --smush-placeholder-aspect-ratio: 1024\/570;\" \/>\t\t\t\t\t\t\t\t\t\t\t\t\t\t\t<\/div>\n\t\t\t\t<\/div>\n\t\t\t\t<div class=\"elementor-element elementor-element-b36ac43 elementor-widget elementor-widget-image\" data-id=\"b36ac43\" data-element_type=\"widget\" data-e-type=\"widget\" data-widget_type=\"image.default\">\n\t\t\t\t<div class=\"elementor-widget-container\">\n\t\t\t\t\t\t\t\t\t\t\t\t\t\t\t<img decoding=\"async\" width=\"800\" height=\"629\" data-src=\"https:\/\/vastgoedexperts.be\/wp-content\/uploads\/2024\/04\/Vink.png\" class=\"attachment-large size-large wp-image-623 lazyload\" alt=\"\" data-srcset=\"https:\/\/vastgoedexperts.be\/wp-content\/uploads\/2024\/04\/Vink.png 800w, https:\/\/vastgoedexperts.be\/wp-content\/uploads\/2024\/04\/Vink-300x236.png 300w, https:\/\/vastgoedexperts.be\/wp-content\/uploads\/2024\/04\/Vink-768x604.png 768w\" data-sizes=\"(max-width: 800px) 100vw, 800px\" src=\"data:image\/svg+xml;base64,PHN2ZyB3aWR0aD0iMSIgaGVpZ2h0PSIxIiB4bWxucz0iaHR0cDovL3d3dy53My5vcmcvMjAwMC9zdmciPjwvc3ZnPg==\" style=\"--smush-placeholder-width: 800px; --smush-placeholder-aspect-ratio: 800\/629;\" \/>\t\t\t\t\t\t\t\t\t\t\t\t\t\t\t<\/div>\n\t\t\t\t<\/div>\n\t\t\t\t<\/div>\n\t\t<div class=\"elementor-element elementor-element-4cf931d e-con-full e-flex e-con e-child\" data-id=\"4cf931d\" data-element_type=\"container\" data-e-type=\"container\">\n\t\t<div class=\"elementor-element elementor-element-7ad7610 e-con-full e-flex e-con e-child\" data-id=\"7ad7610\" data-element_type=\"container\" data-e-type=\"container\">\n\t\t\t\t<div class=\"elementor-element elementor-element-00bb126 elementor-widget elementor-widget-image\" data-id=\"00bb126\" data-element_type=\"widget\" data-e-type=\"widget\" data-widget_type=\"image.default\">\n\t\t\t\t<div class=\"elementor-widget-container\">\n\t\t\t\t\t\t\t\t\t\t\t\t\t\t\t<img decoding=\"async\" width=\"800\" height=\"800\" data-src=\"https:\/\/vastgoedexperts.be\/wp-content\/uploads\/2024\/08\/Robin_color-1.jpg\" class=\"attachment-large size-large wp-image-1546 lazyload\" alt=\"\" data-srcset=\"https:\/\/vastgoedexperts.be\/wp-content\/uploads\/2024\/08\/Robin_color-1.jpg 800w, https:\/\/vastgoedexperts.be\/wp-content\/uploads\/2024\/08\/Robin_color-1-300x300.jpg 300w, https:\/\/vastgoedexperts.be\/wp-content\/uploads\/2024\/08\/Robin_color-1-150x150.jpg 150w, https:\/\/vastgoedexperts.be\/wp-content\/uploads\/2024\/08\/Robin_color-1-768x768.jpg 768w\" data-sizes=\"(max-width: 800px) 100vw, 800px\" src=\"data:image\/svg+xml;base64,PHN2ZyB3aWR0aD0iMSIgaGVpZ2h0PSIxIiB4bWxucz0iaHR0cDovL3d3dy53My5vcmcvMjAwMC9zdmciPjwvc3ZnPg==\" style=\"--smush-placeholder-width: 800px; --smush-placeholder-aspect-ratio: 800\/800;\" \/>\t\t\t\t\t\t\t\t\t\t\t\t\t\t\t<\/div>\n\t\t\t\t<\/div>\n\t\t\t\t<\/div>\n\t\t<div class=\"elementor-element elementor-element-03f30af e-con-full e-flex e-con e-child\" data-id=\"03f30af\" data-element_type=\"container\" data-e-type=\"container\">\n\t\t\t\t<div class=\"elementor-element elementor-element-e6ecebc elementor-widget elementor-widget-image\" data-id=\"e6ecebc\" data-element_type=\"widget\" data-e-type=\"widget\" data-widget_type=\"image.default\">\n\t\t\t\t<div class=\"elementor-widget-container\">\n\t\t\t\t\t\t\t\t\t\t\t\t\t\t\t<img decoding=\"async\" width=\"1024\" height=\"768\" data-src=\"https:\/\/vastgoedexperts.be\/wp-content\/uploads\/2024\/11\/Team-Valencia-1024x768.jpg\" class=\"attachment-large size-large wp-image-3592 lazyload\" alt=\"\" data-srcset=\"https:\/\/vastgoedexperts.be\/wp-content\/uploads\/2024\/11\/Team-Valencia-1024x768.jpg 1024w, https:\/\/vastgoedexperts.be\/wp-content\/uploads\/2024\/11\/Team-Valencia-300x225.jpg 300w, https:\/\/vastgoedexperts.be\/wp-content\/uploads\/2024\/11\/Team-Valencia-768x576.jpg 768w, https:\/\/vastgoedexperts.be\/wp-content\/uploads\/2024\/11\/Team-Valencia-1536x1152.jpg 1536w, https:\/\/vastgoedexperts.be\/wp-content\/uploads\/2024\/11\/Team-Valencia-16x12.jpg 16w, https:\/\/vastgoedexperts.be\/wp-content\/uploads\/2024\/11\/Team-Valencia.jpg 1600w\" data-sizes=\"(max-width: 1024px) 100vw, 1024px\" src=\"data:image\/svg+xml;base64,PHN2ZyB3aWR0aD0iMSIgaGVpZ2h0PSIxIiB4bWxucz0iaHR0cDovL3d3dy53My5vcmcvMjAwMC9zdmciPjwvc3ZnPg==\" style=\"--smush-placeholder-width: 1024px; --smush-placeholder-aspect-ratio: 1024\/768;\" \/>\t\t\t\t\t\t\t\t\t\t\t\t\t\t\t<\/div>\n\t\t\t\t<\/div>\n\t\t\t\t<\/div>\n\t\t\t\t<\/div>\n\t\t\t\t<\/div>\n\t\t\t\t\t<\/div>\n\t\t\t\t<\/div>\n\t\t<div class=\"elementor-element elementor-element-e5f4b0e e-flex e-con-boxed e-con e-parent\" data-id=\"e5f4b0e\" data-element_type=\"container\" data-e-type=\"container\" data-settings=\"{&quot;background_background&quot;:&quot;classic&quot;}\">\n\t\t\t\t\t<div class=\"e-con-inner\">\n\t\t<div class=\"elementor-element elementor-element-68ef07f e-con-full e-flex e-con e-child\" data-id=\"68ef07f\" data-element_type=\"container\" data-e-type=\"container\" data-settings=\"{&quot;background_background&quot;:&quot;classic&quot;}\">\n\t\t\t\t<div class=\"elementor-element elementor-element-84511e1 elementor-widget elementor-widget-heading\" data-id=\"84511e1\" data-element_type=\"widget\" data-e-type=\"widget\" data-widget_type=\"heading.default\">\n\t\t\t\t<div class=\"elementor-widget-container\">\n\t\t\t\t\t<h2 class=\"elementor-heading-title elementor-size-default\">Vous souhaitez rejoindre notre \u00e9quipe ?<\/h2>\t\t\t\t<\/div>\n\t\t\t\t<\/div>\n\t\t\t\t<div class=\"elementor-element elementor-element-a0d6e09 elementor-widget elementor-widget-text-editor\" data-id=\"a0d6e09\" data-element_type=\"widget\" data-e-type=\"widget\" data-widget_type=\"text-editor.default\">\n\t\t\t\t<div class=\"elementor-widget-container\">\n\t\t\t\t\t\t\t\t\t<p>Vastgoedexperts recherche r\u00e9guli\u00e8rement des collaborateurs enthousiastes<br \/>pour d\u00e9velopper nos activit\u00e9s<\/p>\t\t\t\t\t\t\t\t<\/div>\n\t\t\t\t<\/div>\n\t\t<div class=\"elementor-element elementor-element-212fa80 e-con-full e-flex e-con e-child\" data-id=\"212fa80\" data-element_type=\"container\" data-e-type=\"container\">\n\t\t\t\t<div class=\"elementor-element elementor-element-2ee66f5 elementor-align-left elementor-widget elementor-widget-button\" data-id=\"2ee66f5\" data-element_type=\"widget\" data-e-type=\"widget\" data-widget_type=\"button.default\">\n\t\t\t\t<div class=\"elementor-widget-container\">\n\t\t\t\t\t\t\t\t\t<div class=\"elementor-button-wrapper\">\n\t\t\t\t\t<a class=\"elementor-button elementor-button-link elementor-size-sm\" href=\"\/fr\/emplois\/\">\n\t\t\t\t\t\t<span class=\"elementor-button-content-wrapper\">\n\t\t\t\t\t\t\t\t\t<span class=\"elementor-button-text\">Consultez ici nos offres d'emploi<\/span>\n\t\t\t\t\t<\/span>\n\t\t\t\t\t<\/a>\n\t\t\t\t<\/div>\n\t\t\t\t\t\t\t\t<\/div>\n\t\t\t\t<\/div>\n\t\t\t\t<\/div>\n\t\t\t\t<\/div>\n\t\t\t\t\t<\/div>\n\t\t\t\t<\/div>\n\t\t\t\t<\/div>","protected":false},"excerpt":{"rendered":"<p>Over Vastgoedexperts Vastgoedexperts is een one-stop-shop voor zowel vastgoedprofessionals als particulieren. Dagelijks voeren wij zo\u2019n 300 keuringen uit in heel Belgi\u00eb. We mogen onszelf dus met trots een gevestigde waarde in het keuringslandschap noemen. Meer dan een bedrijf Vastgoedexperts is een alles-in-\u00e9\u00e9n-concept voor zowel makelaars als particulieren. We bieden verschillende diensten aan die belangrijk zijn [&hellip;]<\/p>\n","protected":false},"author":2,"featured_media":0,"parent":0,"menu_order":0,"comment_status":"closed","ping_status":"closed","template":"","meta":{"_acf_changed":false,"site-sidebar-layout":"no-sidebar","site-content-layout":"page-builder","ast-site-content-layout":"full-width-container","site-content-style":"default","site-sidebar-style":"default","ast-global-header-display":"","ast-banner-title-visibility":"","ast-main-header-display":"","ast-hfb-above-header-display":"","ast-hfb-below-header-display":"","ast-hfb-mobile-header-display":"","site-post-title":"disabled","ast-breadcrumbs-content":"","ast-featured-img":"disabled","footer-sml-layout":"","ast-disable-related-posts":"","theme-transparent-header-meta":"default","adv-header-id-meta":"","stick-header-meta":"","header-above-stick-meta":"","header-main-stick-meta":"","header-below-stick-meta":"","astra-migrate-meta-layouts":"set","ast-page-background-enabled":"default","ast-page-background-meta":{"desktop":{"background-color":"var(--ast-global-color-4)","background-image":"","background-repeat":"repeat","background-position":"center center","background-size":"auto","background-attachment":"scroll","background-type":"","background-media":"","overlay-type":"","overlay-color":"","overlay-opacity":"","overlay-gradient":""},"tablet":{"background-color":"","background-image":"","background-repeat":"repeat","background-position":"center center","background-size":"auto","background-attachment":"scroll","background-type":"","background-media":"","overlay-type":"","overlay-color":"","overlay-opacity":"","overlay-gradient":""},"mobile":{"background-color":"","background-image":"","background-repeat":"repeat","background-position":"center center","background-size":"auto","background-attachment":"scroll","background-type":"","background-media":"","overlay-type":"","overlay-color":"","overlay-opacity":"","overlay-gradient":""}},"ast-content-background-meta":{"desktop":{"background-color":"var(--ast-global-color-5)","background-image":"","background-repeat":"repeat","background-position":"center center","background-size":"auto","background-attachment":"scroll","background-type":"","background-media":"","overlay-type":"","overlay-color":"","overlay-opacity":"","overlay-gradient":""},"tablet":{"background-color":"var(--ast-global-color-5)","background-image":"","background-repeat":"repeat","background-position":"center center","background-size":"auto","background-attachment":"scroll","background-type":"","background-media":"","overlay-type":"","overlay-color":"","overlay-opacity":"","overlay-gradient":""},"mobile":{"background-color":"var(--ast-global-color-5)","background-image":"","background-repeat":"repeat","background-position":"center center","background-size":"auto","background-attachment":"scroll","background-type":"","background-media":"","overlay-type":"","overlay-color":"","overlay-opacity":"","overlay-gradient":""}},"footnotes":""},"class_list":["post-3991","page","type-page","status-publish","hentry"],"acf":[],"_links":{"self":[{"href":"https:\/\/vastgoedexperts.be\/fr\/wp-json\/wp\/v2\/pages\/3991","targetHints":{"allow":["GET"]}}],"collection":[{"href":"https:\/\/vastgoedexperts.be\/fr\/wp-json\/wp\/v2\/pages"}],"about":[{"href":"https:\/\/vastgoedexperts.be\/fr\/wp-json\/wp\/v2\/types\/page"}],"author":[{"embeddable":true,"href":"https:\/\/vastgoedexperts.be\/fr\/wp-json\/wp\/v2\/users\/2"}],"replies":[{"embeddable":true,"href":"https:\/\/vastgoedexperts.be\/fr\/wp-json\/wp\/v2\/comments?post=3991"}],"version-history":[{"count":21,"href":"https:\/\/vastgoedexperts.be\/fr\/wp-json\/wp\/v2\/pages\/3991\/revisions"}],"predecessor-version":[{"id":5541,"href":"https:\/\/vastgoedexperts.be\/fr\/wp-json\/wp\/v2\/pages\/3991\/revisions\/5541"}],"wp:attachment":[{"href":"https:\/\/vastgoedexperts.be\/fr\/wp-json\/wp\/v2\/media?parent=3991"}],"curies":[{"name":"wp","href":"https:\/\/api.w.org\/{rel}","templated":true}]}}