{"id":4310,"date":"2025-02-11T11:24:49","date_gmt":"2025-02-11T11:24:49","guid":{"rendered":"https:\/\/vastgoedexperts.be\/?page_id=4310"},"modified":"2025-03-31T08:03:52","modified_gmt":"2025-03-31T08:03:52","slug":"denonciation","status":"publish","type":"page","link":"https:\/\/vastgoedexperts.be\/fr\/klokkenluidersmelding\/","title":{"rendered":"Rapport du d\u00e9nonciateur"},"content":{"rendered":"<div data-elementor-type=\"wp-page\" data-elementor-id=\"4310\" class=\"elementor elementor-4310\" data-elementor-post-type=\"page\">\n\t\t\t\t<div class=\"elementor-element elementor-element-0c9d854 e-flex e-con-boxed e-con e-parent\" data-id=\"0c9d854\" data-element_type=\"container\" data-e-type=\"container\">\n\t\t\t\t\t<div class=\"e-con-inner\">\n\t\t<div class=\"elementor-element elementor-element-67462a5 e-con-full e-flex e-con e-child\" data-id=\"67462a5\" data-element_type=\"container\" data-e-type=\"container\">\n\t\t\t\t<div class=\"elementor-element elementor-element-0db5dec elementor-widget elementor-widget-heading\" data-id=\"0db5dec\" data-element_type=\"widget\" data-e-type=\"widget\" data-widget_type=\"heading.default\">\n\t\t\t\t<div class=\"elementor-widget-container\">\n\t\t\t\t\t<h1 class=\"elementor-heading-title elementor-size-default\"><span class=\"lichtblauw-accent\">Rapport du d\u00e9nonciateur<\/span><\/h1>\t\t\t\t<\/div>\n\t\t\t\t<\/div>\n\t\t\t\t<div class=\"elementor-element elementor-element-30c746b elementor-widget elementor-widget-text-editor\" data-id=\"30c746b\" data-element_type=\"widget\" data-e-type=\"widget\" data-widget_type=\"text-editor.default\">\n\t\t\t\t<div class=\"elementor-widget-container\">\n\t\t\t\t\t\t\t\t\t<p>La loi belge du 28 novembre 2022 sur la d\u00e9nonciation des fraudes oblige les entreprises employant au moins 50 personnes \u00e0 mettre en place un m\u00e9canisme de signalement des pratiques irr\u00e9guli\u00e8res et des fraudes.<\/p><p>Conform\u00e9ment \u00e0 cette r\u00e9glementation, Real Estate Experts a pris les mesures n\u00e9cessaires pour mettre en place un service d'assistance t\u00e9l\u00e9phonique conforme \u00e0 la loi.<\/p><h3>Qui peut d\u00e9poser une notification ?<\/h3><p>Seules les personnes qui ont une relation de travail avec Real Estate Experts peuvent d\u00e9poser un rapport :<\/p><ol><li>Les employ\u00e9s des experts immobiliers au sens de l'article 45, paragraphe 1, du trait\u00e9 sur le fonctionnement de l'Union europ\u00e9enne, y compris les fonctionnaires.<\/li><li>Ind\u00e9pendants effectuant des missions pour des experts immobiliers, tels que vis\u00e9s \u00e0 l'article 49 du trait\u00e9 sur le fonctionnement de l'Union europ\u00e9enne.<\/li><li>Les membres du conseil d'experts immobiliers, ainsi que les personnes occupant des postes de direction ou de supervision, y compris les b\u00e9n\u00e9voles et les stagiaires (qu'ils soient r\u00e9mun\u00e9r\u00e9s ou non).<\/li><li>Personnes travaillant sous la supervision et la direction d'experts immobiliers.<\/li><li>Les anciens employ\u00e9s, s'ils rapportent des informations sur des violations obtenues pendant leur emploi.<\/li><li>Les futurs employ\u00e9s, s'ils ont eu connaissance d'infractions au cours de la proc\u00e9dure de candidature ou des n\u00e9gociations pr\u00e9alables au contrat.<\/li><\/ol><h3>Qui ne peut pas d\u00e9poser de notification ?<\/h3><ol><li>Les entreprises qui ont une relation d'affaires avec Real Estate Experts ne peuvent pas d\u00e9poser de plainte.<\/li><li>Les employ\u00e9s des entreprises clientes de Real Estate Experts ne peuvent pas non plus utiliser ce canal de signalement.<\/li><\/ol><p>Pour les plaintes concernant les services de Real Estate Experts, les clients et leurs employ\u00e9s peuvent nous contacter via l'adresse e-mail klacht@vastgoedexperts.com. Ces plaintes sont trait\u00e9es selon une proc\u00e9dure \u00e9tablie.<\/p><h3>Comment effectuer une notification ?<\/h3><p>Vous souhaitez signaler un soup\u00e7on ou une constatation de fraude ou d'acte r\u00e9pr\u00e9hensible ? Vous pouvez le faire via <a href=\"mailto:klokkenluider@vastgoedexperts.com\"><strong>klokkenluider@vastgoedexperts.com<\/strong><\/a> ou via l'application Signal Messenger sur le num\u00e9ro <strong><a href=\"https:\/\/signal.me\/#p\/+32487701845\" target=\"_blank\" rel=\"noopener\">+32 487 70 18 45<\/a><\/strong>. Par l'interm\u00e9diaire de Signal, vous pouvez \u00e9galement choisir de le faire de mani\u00e8re anonyme.<\/p><p>Une fois soumis, vous recevrez un accus\u00e9 de r\u00e9ception, puis notre service juridique examinera le rapport de mani\u00e8re impartiale.<\/p><p>Les d\u00e9lais ?<\/p><p>La confidentialit\u00e9 et la protection des rapporteurs sont des piliers essentiels de la l\u00e9gislation sur la d\u00e9nonciation. Vastgoedexperts garantit donc un traitement discret et votre identit\u00e9 ne sera jamais divulgu\u00e9e sans autorisation. En outre, vous ne subirez aucun pr\u00e9judice du fait d'une d\u00e9nonciation.<\/p>\t\t\t\t\t\t\t\t<\/div>\n\t\t\t\t<\/div>\n\t\t\t\t<\/div>\n\t\t\t\t\t<\/div>\n\t\t\t\t<\/div>\n\t\t\t\t<\/div>","protected":false},"excerpt":{"rendered":"<p>Klokkenluidersmelding De Belgische klokkenluiderswet van 28 november 2022 verplicht ondernemingen met minstens 50 medewerkers om een meldingskanaal te voorzien voor het rapporteren van wantoestanden en fraude. In lijn met deze regelgeving heeft Vastgoedexperts de nodige maatregelen genomen om een wettelijk conform meldpunt te voorzien. Wie kan een melding indienen? Enkel personen die een werkgerelateerde band [&hellip;]<\/p>\n","protected":false},"author":6,"featured_media":0,"parent":0,"menu_order":0,"comment_status":"closed","ping_status":"closed","template":"","meta":{"_acf_changed":false,"site-sidebar-layout":"no-sidebar","site-content-layout":"page-builder","ast-site-content-layout":"full-width-container","site-content-style":"default","site-sidebar-style":"default","ast-global-header-display":"","ast-banner-title-visibility":"","ast-main-header-display":"","ast-hfb-above-header-display":"","ast-hfb-below-header-display":"","ast-hfb-mobile-header-display":"","site-post-title":"disabled","ast-breadcrumbs-content":"","ast-featured-img":"disabled","footer-sml-layout":"","ast-disable-related-posts":"","theme-transparent-header-meta":"default","adv-header-id-meta":"","stick-header-meta":"","header-above-stick-meta":"","header-main-stick-meta":"","header-below-stick-meta":"","astra-migrate-meta-layouts":"set","ast-page-background-enabled":"default","ast-page-background-meta":{"desktop":{"background-color":"var(--ast-global-color-4)","background-image":"","background-repeat":"repeat","background-position":"center center","background-size":"auto","background-attachment":"scroll","background-type":"","background-media":"","overlay-type":"","overlay-color":"","overlay-opacity":"","overlay-gradient":""},"tablet":{"background-color":"","background-image":"","background-repeat":"repeat","background-position":"center center","background-size":"auto","background-attachment":"scroll","background-type":"","background-media":"","overlay-type":"","overlay-color":"","overlay-opacity":"","overlay-gradient":""},"mobile":{"background-color":"","background-image":"","background-repeat":"repeat","background-position":"center center","background-size":"auto","background-attachment":"scroll","background-type":"","background-media":"","overlay-type":"","overlay-color":"","overlay-opacity":"","overlay-gradient":""}},"ast-content-background-meta":{"desktop":{"background-color":"var(--ast-global-color-5)","background-image":"","background-repeat":"repeat","background-position":"center center","background-size":"auto","background-attachment":"scroll","background-type":"","background-media":"","overlay-type":"","overlay-color":"","overlay-opacity":"","overlay-gradient":""},"tablet":{"background-color":"var(--ast-global-color-5)","background-image":"","background-repeat":"repeat","background-position":"center center","background-size":"auto","background-attachment":"scroll","background-type":"","background-media":"","overlay-type":"","overlay-color":"","overlay-opacity":"","overlay-gradient":""},"mobile":{"background-color":"var(--ast-global-color-5)","background-image":"","background-repeat":"repeat","background-position":"center center","background-size":"auto","background-attachment":"scroll","background-type":"","background-media":"","overlay-type":"","overlay-color":"","overlay-opacity":"","overlay-gradient":""}},"footnotes":""},"class_list":["post-4310","page","type-page","status-publish","hentry"],"acf":[],"_links":{"self":[{"href":"https:\/\/vastgoedexperts.be\/fr\/wp-json\/wp\/v2\/pages\/4310","targetHints":{"allow":["GET"]}}],"collection":[{"href":"https:\/\/vastgoedexperts.be\/fr\/wp-json\/wp\/v2\/pages"}],"about":[{"href":"https:\/\/vastgoedexperts.be\/fr\/wp-json\/wp\/v2\/types\/page"}],"author":[{"embeddable":true,"href":"https:\/\/vastgoedexperts.be\/fr\/wp-json\/wp\/v2\/users\/6"}],"replies":[{"embeddable":true,"href":"https:\/\/vastgoedexperts.be\/fr\/wp-json\/wp\/v2\/comments?post=4310"}],"version-history":[{"count":7,"href":"https:\/\/vastgoedexperts.be\/fr\/wp-json\/wp\/v2\/pages\/4310\/revisions"}],"predecessor-version":[{"id":4526,"href":"https:\/\/vastgoedexperts.be\/fr\/wp-json\/wp\/v2\/pages\/4310\/revisions\/4526"}],"wp:attachment":[{"href":"https:\/\/vastgoedexperts.be\/fr\/wp-json\/wp\/v2\/media?parent=4310"}],"curies":[{"name":"wp","href":"https:\/\/api.w.org\/{rel}","templated":true}]}}