{"id":5027,"date":"2025-07-09T09:03:36","date_gmt":"2025-07-09T09:03:36","guid":{"rendered":"https:\/\/vastgoedexperts.be\/?page_id=5027"},"modified":"2025-07-09T09:06:29","modified_gmt":"2025-07-09T09:06:29","slug":"politique-de-confidentialite-2","status":"publish","type":"page","link":"https:\/\/vastgoedexperts.be\/fr\/privacy-policy-2\/","title":{"rendered":"Politique de confidentialit\u00e9 2"},"content":{"rendered":"<div data-elementor-type=\"wp-page\" data-elementor-id=\"5027\" class=\"elementor elementor-5027\" data-elementor-post-type=\"page\">\n\t\t\t\t<div class=\"elementor-element elementor-element-1ba2ece e-flex e-con-boxed e-con e-parent\" data-id=\"1ba2ece\" data-element_type=\"container\" data-e-type=\"container\">\n\t\t\t\t\t<div class=\"e-con-inner\">\n\t\t<div class=\"elementor-element elementor-element-c68c980 e-con-full e-flex e-con e-child\" data-id=\"c68c980\" data-element_type=\"container\" data-e-type=\"container\">\n\t\t\t\t<div class=\"elementor-element elementor-element-1b6fa18 elementor-widget elementor-widget-heading\" data-id=\"1b6fa18\" data-element_type=\"widget\" data-e-type=\"widget\" data-widget_type=\"heading.default\">\n\t\t\t\t<div class=\"elementor-widget-container\">\n\t\t\t\t\t<h1 class=\"elementor-heading-title elementor-size-default\"><span class=\"lichtblauw-accent\">D\u00e9claration de confidentialit\u00e9<\/span><\/h1>\t\t\t\t<\/div>\n\t\t\t\t<\/div>\n\t\t\t\t<div class=\"elementor-element elementor-element-dc15820 elementor-widget elementor-widget-text-editor\" data-id=\"dc15820\" data-element_type=\"widget\" data-e-type=\"widget\" data-widget_type=\"text-editor.default\">\n\t\t\t\t<div class=\"elementor-widget-container\">\n\t\t\t\t\t\t\t\t\t<p>Derni\u00e8re mise \u00e0 jour le 16\/12\/2024.<br>Le site web www.vastgoedexperts.be (ci-apr\u00e8s d\u00e9nomm\u00e9 le \"site web\") est la propri\u00e9t\u00e9 de : Real Estate Experts (\"nous\") Langvoort 17 2430 Laakdal, Belgique<br>composer le 0667.567.856<br>t\u00e9l\u00e9phone : +32 14 89 34 76<\/p>\n<h3>Donn\u00e9es personnelles que nous traitons<\/h3>\n<p>Real Estate Experts traite vos donn\u00e9es personnelles parce que vous utilisez nos services et\/ou parce que vous nous les fournissez vous-m\u00eame.<\/p>\n<p>Vous trouverez ci-dessous un aper\u00e7u des donn\u00e9es personnelles que nous traitons :<\/p>\n<p>- nom complet <br>- num\u00e9ro de t\u00e9l\u00e9phone<br>- adresse \u00e9lectronique<br>- pr\u00e9f\u00e9rence linguistique<br>- coordonn\u00e9es<\/p>\n<p>Donn\u00e9es personnelles particuli\u00e8res et\/ou sensibles que nous traitons. Notre site web et\/ou service n'a pas l'intention de collecter des donn\u00e9es sur les visiteurs du site web \u00e2g\u00e9s de moins de 16 ans. \u00c0 moins qu'ils n'aient l'autorisation de leurs parents ou tuteurs. Toutefois, nous ne pouvons pas v\u00e9rifier si un visiteur a plus de 16 ans. Nous conseillons donc aux parents de s'impliquer dans les activit\u00e9s en ligne de leurs enfants afin d'\u00e9viter de collecter des donn\u00e9es sur les enfants sans le consentement des parents. Si vous \u00eates convaincu que nous avons collect\u00e9 des donn\u00e9es personnelles sur un mineur sans ce consentement, veuillez nous contacter et nous supprimerons ces informations.<\/p>\n<h3>Dans quel but et sur quelle base nous traitons les donn\u00e9es \u00e0 caract\u00e8re personnel<\/h3>\n<p>Real Estate Experts traite vos donn\u00e9es \u00e0 caract\u00e8re personnel aux fins suivantes :<\/p>\n<p>- vous appeler ou vous envoyer un courrier \u00e9lectronique si cela est n\u00e9cessaire pour assurer la prestation de nos services<\/p>\n<h3>Prise de d\u00e9cision automatis\u00e9e<\/h3>\n<p>Real Estate Experts ne prend pas de d\u00e9cisions sur des questions susceptibles d'affecter (de mani\u00e8re significative) les personnes sur la base d'un traitement automatis\u00e9. Il s'agit de d\u00e9cisions prises par des programmes ou syst\u00e8mes informatiques, sans qu'une personne (par exemple un employ\u00e9 de Vastgoedexperts) ne soit impliqu\u00e9e. Real estate experts utilise les programmes ou syst\u00e8mes informatiques suivants : brilliant (kluwer).<\/p>\n<h3>Dur\u00e9e de conservation des donn\u00e9es personnelles<\/h3>\n<p>Real Estate Experts ne conserve pas vos donn\u00e9es \u00e0 caract\u00e8re personnel plus longtemps que ce qui est strictement n\u00e9cessaire pour atteindre les objectifs pour lesquels vos donn\u00e9es ont \u00e9t\u00e9 collect\u00e9es. Nous utilisons les p\u00e9riodes de conservation suivantes pour les (cat\u00e9gories de) donn\u00e9es \u00e0 caract\u00e8re personnel suivantes :<\/p>\n<p>Donn\u00e9es \u00e0 caract\u00e8re personnel (cat\u00e9gorie) &gt;1mois&gt; dossier du client<\/p>\n<p>Donn\u00e9es personnelles &gt; 1 mois &gt; dossier client<\/p>\n<p>Adresse &gt; 1 mois &gt; fiche client<\/p>\n<p>Etc. &gt; 1 mois &gt; fiche client<\/p>\n<h3>Partage de donn\u00e9es personnelles avec des tiers<\/h3>\n<p>Real Estate Experts ne fournit des informations \u00e0 des tiers que lorsque cela est n\u00e9cessaire pour l'ex\u00e9cution de notre contrat avec vous ou pour se conformer \u00e0 une obligation l\u00e9gale.<\/p>\n<h3>Cookies, ou techniques similaires, que nous utilisons<\/h3>\n<p>Real estate experts utilise uniquement des cookies techniques et fonctionnels. Et des cookies analytiques qui ne portent pas atteinte \u00e0 votre vie priv\u00e9e. Un cookie est un petit fichier texte qui est stock\u00e9 sur votre ordinateur, tablette ou smartphone lors de votre premi\u00e8re visite sur ce site web. Les cookies que nous utilisons sont n\u00e9cessaires au fonctionnement technique du site web et \u00e0 votre facilit\u00e9 d'utilisation. Ils garantissent le bon fonctionnement du site web et, par exemple, m\u00e9morisent vos pr\u00e9f\u00e9rences. Ils nous permettent \u00e9galement d'optimiser notre site web. Vous pouvez refuser les cookies en param\u00e9trant votre navigateur Internet de mani\u00e8re \u00e0 ce qu'il ne stocke plus de cookies. Vous pouvez \u00e9galement supprimer toute information pr\u00e9c\u00e9demment stock\u00e9e via les param\u00e8tres de votre navigateur.<\/p>\n<h3>Visualiser, modifier ou supprimer des donn\u00e9es<\/h3>\n<p>Vous avez le droit d'acc\u00e9der \u00e0 vos donn\u00e9es personnelles, de les corriger ou de les supprimer. En outre, vous avez le droit de retirer votre \u00e9ventuel consentement au traitement des donn\u00e9es ou de vous opposer au traitement de vos donn\u00e9es \u00e0 caract\u00e8re personnel par Real Estate Experts. Vous avez le droit \u00e0 la portabilit\u00e9 des donn\u00e9es. Cela signifie que vous pouvez nous demander d'envoyer les donn\u00e9es personnelles que nous d\u00e9tenons sur vous dans un fichier informatique \u00e0 vous-m\u00eame ou \u00e0 une autre organisation que vous avez d\u00e9sign\u00e9e.<\/p>\n<p>Vous pouvez envoyer une demande d'acc\u00e8s, de rectification, d'effacement, de transfert de vos donn\u00e9es \u00e0 caract\u00e8re personnel ou demander le retrait de votre consentement ou de votre objection au traitement de vos donn\u00e9es \u00e0 caract\u00e8re personnel \u00e0 l'adresse suivante <a href=\"mailto:info@vastgoedexperts.com\">info@vastgoedexperts.com<\/a><\/p>\n<p>Afin de garantir que la demande de contr\u00f4le est bien de votre fait, nous vous demandons d'accompagner votre demande d'une copie de votre preuve d'identit\u00e9. Dans cette copie, noircissez votre photo de passeport, votre mrz (zone de lecture automatique, la bande de chiffres au bas du passeport), votre num\u00e9ro de passeport et votre num\u00e9ro de service aux citoyens (bsn). Ceci afin de prot\u00e9ger votre vie priv\u00e9e. Nous r\u00e9pondrons \u00e0 votre demande d\u00e8s que possible, mais dans un d\u00e9lai de quatre semaines.<\/p>\n<p>Real Estate Experts souhaite \u00e9galement vous informer que vous avez la possibilit\u00e9 de d\u00e9poser une plainte aupr\u00e8s de l'autorit\u00e9 de contr\u00f4le nationale, l'autorit\u00e9 charg\u00e9e des donn\u00e9es personnelles. Vous pouvez le faire via le lien suivant : https:\/\/autoriteit- personal-data.nl\/en\/contact-with-autority-personal-data\/ tip-us<\/p>\n<h3>Comment nous s\u00e9curisons les donn\u00e9es personnelles<\/h3>\n<p>Real Estate Experts prend au s\u00e9rieux la protection de vos donn\u00e9es et prend des mesures appropri\u00e9es pour emp\u00eacher toute utilisation abusive, perte, acc\u00e8s non autoris\u00e9, divulgation non d\u00e9sir\u00e9e et modification non autoris\u00e9e. Si vous avez l'impression que vos donn\u00e9es ne sont pas correctement s\u00e9curis\u00e9es ou qu'il existe des indices d'utilisation abusive, veuillez contacter notre service client\u00e8le ou via info@vastgoedexperts.com.<\/p>\t\t\t\t\t\t\t\t<\/div>\n\t\t\t\t<\/div>\n\t\t\t\t<\/div>\n\t\t\t\t\t<\/div>\n\t\t\t\t<\/div>\n\t\t\t\t<\/div>","protected":false},"excerpt":{"rendered":"<p>Privacyverklaring Laatste update op 16\/12\/2024.De website www.vastgoedexperts.be (hierna: de \u201cwebsite\u201d) is eigendom van: Vastgoedexperts (\u201cwij\u201d en \u201cons\u201d) Langvoort 17 2430 Laakdal, Belgi\u00ebbe 0667.567.856telefoon: +32 14 89 34 76 Persoonsgegevens die wij verwerken Vastgoedexperts verwerkt uw persoonsgegevens doordat u gebruik maakt van onze diensten en\/of omdat u deze zelf aan ons verstrekt. Hieronder vindt u een [&hellip;]<\/p>\n","protected":false},"author":6,"featured_media":0,"parent":0,"menu_order":0,"comment_status":"closed","ping_status":"closed","template":"","meta":{"_acf_changed":false,"site-sidebar-layout":"no-sidebar","site-content-layout":"page-builder","ast-site-content-layout":"full-width-container","site-content-style":"default","site-sidebar-style":"default","ast-global-header-display":"","ast-banner-title-visibility":"","ast-main-header-display":"","ast-hfb-above-header-display":"","ast-hfb-below-header-display":"","ast-hfb-mobile-header-display":"","site-post-title":"disabled","ast-breadcrumbs-content":"","ast-featured-img":"disabled","footer-sml-layout":"","ast-disable-related-posts":"","theme-transparent-header-meta":"default","adv-header-id-meta":"","stick-header-meta":"","header-above-stick-meta":"","header-main-stick-meta":"","header-below-stick-meta":"","astra-migrate-meta-layouts":"set","ast-page-background-enabled":"default","ast-page-background-meta":{"desktop":{"background-color":"var(--ast-global-color-4)","background-image":"","background-repeat":"repeat","background-position":"center center","background-size":"auto","background-attachment":"scroll","background-type":"","background-media":"","overlay-type":"","overlay-color":"","overlay-opacity":"","overlay-gradient":""},"tablet":{"background-color":"","background-image":"","background-repeat":"repeat","background-position":"center center","background-size":"auto","background-attachment":"scroll","background-type":"","background-media":"","overlay-type":"","overlay-color":"","overlay-opacity":"","overlay-gradient":""},"mobile":{"background-color":"","background-image":"","background-repeat":"repeat","background-position":"center center","background-size":"auto","background-attachment":"scroll","background-type":"","background-media":"","overlay-type":"","overlay-color":"","overlay-opacity":"","overlay-gradient":""}},"ast-content-background-meta":{"desktop":{"background-color":"var(--ast-global-color-5)","background-image":"","background-repeat":"repeat","background-position":"center center","background-size":"auto","background-attachment":"scroll","background-type":"","background-media":"","overlay-type":"","overlay-color":"","overlay-opacity":"","overlay-gradient":""},"tablet":{"background-color":"var(--ast-global-color-5)","background-image":"","background-repeat":"repeat","background-position":"center center","background-size":"auto","background-attachment":"scroll","background-type":"","background-media":"","overlay-type":"","overlay-color":"","overlay-opacity":"","overlay-gradient":""},"mobile":{"background-color":"var(--ast-global-color-5)","background-image":"","background-repeat":"repeat","background-position":"center center","background-size":"auto","background-attachment":"scroll","background-type":"","background-media":"","overlay-type":"","overlay-color":"","overlay-opacity":"","overlay-gradient":""}},"footnotes":""},"class_list":["post-5027","page","type-page","status-publish","hentry"],"acf":[],"_links":{"self":[{"href":"https:\/\/vastgoedexperts.be\/fr\/wp-json\/wp\/v2\/pages\/5027","targetHints":{"allow":["GET"]}}],"collection":[{"href":"https:\/\/vastgoedexperts.be\/fr\/wp-json\/wp\/v2\/pages"}],"about":[{"href":"https:\/\/vastgoedexperts.be\/fr\/wp-json\/wp\/v2\/types\/page"}],"author":[{"embeddable":true,"href":"https:\/\/vastgoedexperts.be\/fr\/wp-json\/wp\/v2\/users\/6"}],"replies":[{"embeddable":true,"href":"https:\/\/vastgoedexperts.be\/fr\/wp-json\/wp\/v2\/comments?post=5027"}],"version-history":[{"count":10,"href":"https:\/\/vastgoedexperts.be\/fr\/wp-json\/wp\/v2\/pages\/5027\/revisions"}],"predecessor-version":[{"id":5037,"href":"https:\/\/vastgoedexperts.be\/fr\/wp-json\/wp\/v2\/pages\/5027\/revisions\/5037"}],"wp:attachment":[{"href":"https:\/\/vastgoedexperts.be\/fr\/wp-json\/wp\/v2\/media?parent=5027"}],"curies":[{"name":"wp","href":"https:\/\/api.w.org\/{rel}","templated":true}]}}