{"id":989,"date":"2024-08-12T12:12:01","date_gmt":"2024-08-12T12:12:01","guid":{"rendered":"https:\/\/vastgoedexperts.be\/?page_id=989"},"modified":"2025-01-06T10:32:23","modified_gmt":"2025-01-06T10:32:23","slug":"inspection-peb","status":"publish","type":"page","link":"https:\/\/vastgoedexperts.be\/fr\/epc-keuring\/","title":{"rendered":"Inspection PEB"},"content":{"rendered":"<div data-elementor-type=\"wp-page\" data-elementor-id=\"989\" class=\"elementor elementor-989\" data-elementor-post-type=\"page\">\n\t\t\t\t<div class=\"elementor-element elementor-element-e410df0 e-flex e-con-boxed e-con e-parent\" data-id=\"e410df0\" data-element_type=\"container\" data-e-type=\"container\" data-settings=\"{&quot;background_background&quot;:&quot;classic&quot;}\">\n\t\t\t\t\t<div class=\"e-con-inner\">\n\t\t<div class=\"elementor-element elementor-element-07b754e e-con-full e-flex e-con e-child\" data-id=\"07b754e\" data-element_type=\"container\" data-e-type=\"container\">\n\t\t\t\t<div class=\"elementor-element elementor-element-cd8fc37 elementor-widget elementor-widget-heading\" data-id=\"cd8fc37\" data-element_type=\"widget\" data-e-type=\"widget\" data-widget_type=\"heading.default\">\n\t\t\t\t<div class=\"elementor-widget-container\">\n\t\t\t\t\t<h1 class=\"elementor-heading-title elementor-size-default\">Inspection PEB<\/h1>\t\t\t\t<\/div>\n\t\t\t\t<\/div>\n\t\t\t\t<div class=\"elementor-element elementor-element-a648c56 elementor-widget elementor-widget-text-editor\" data-id=\"a648c56\" data-element_type=\"widget\" data-e-type=\"widget\" data-widget_type=\"text-editor.default\">\n\t\t\t\t<div class=\"elementor-widget-container\">\n\t\t\t\t\t\t\t\t\tDemandez votre inspection PEB maintenant\t\t\t\t\t\t\t\t<\/div>\n\t\t\t\t<\/div>\n\t\t\t\t<div class=\"elementor-element elementor-element-9c69704 elementor-align-left elementor-widget elementor-widget-button\" data-id=\"9c69704\" data-element_type=\"widget\" data-e-type=\"widget\" data-widget_type=\"button.default\">\n\t\t\t\t<div class=\"elementor-widget-container\">\n\t\t\t\t\t\t\t\t\t<div class=\"elementor-button-wrapper\">\n\t\t\t\t\t<a class=\"elementor-button elementor-button-link elementor-size-sm\" href=\"#popup\">\n\t\t\t\t\t\t<span class=\"elementor-button-content-wrapper\">\n\t\t\t\t\t\t\t\t\t<span class=\"elementor-button-text\">Demandez une inspection PEB<\/span>\n\t\t\t\t\t<\/span>\n\t\t\t\t\t<\/a>\n\t\t\t\t<\/div>\n\t\t\t\t\t\t\t\t<\/div>\n\t\t\t\t<\/div>\n\t\t\t\t<\/div>\n\t\t\t\t\t<\/div>\n\t\t\t\t<\/div>\n\t\t<div class=\"elementor-element elementor-element-849f61e e-con-full e-flex e-con e-parent\" data-id=\"849f61e\" data-element_type=\"container\" data-e-type=\"container\">\n\t\t<div class=\"elementor-element elementor-element-d7bff88 e-con-full e-flex e-con e-child\" data-id=\"d7bff88\" data-element_type=\"container\" data-e-type=\"container\">\n\t\t\t\t<div class=\"elementor-element elementor-element-704dfa4 vink elementor-widget elementor-widget-image\" data-id=\"704dfa4\" data-element_type=\"widget\" data-e-type=\"widget\" data-widget_type=\"image.default\">\n\t\t\t\t<div class=\"elementor-widget-container\">\n\t\t\t\t\t\t\t\t\t\t\t\t\t\t\t<img fetchpriority=\"high\" decoding=\"async\" width=\"885\" height=\"709\" src=\"https:\/\/vastgoedexperts.be\/wp-content\/uploads\/2024\/08\/VE-fade.png\" class=\"attachment-large size-large wp-image-991\" alt=\"\" srcset=\"https:\/\/vastgoedexperts.be\/wp-content\/uploads\/2024\/08\/VE-fade.png 885w, https:\/\/vastgoedexperts.be\/wp-content\/uploads\/2024\/08\/VE-fade-300x240.png 300w, https:\/\/vastgoedexperts.be\/wp-content\/uploads\/2024\/08\/VE-fade-768x615.png 768w\" sizes=\"(max-width: 885px) 100vw, 885px\" \/>\t\t\t\t\t\t\t\t\t\t\t\t\t\t\t<\/div>\n\t\t\t\t<\/div>\n\t\t\t\t<\/div>\n\t\t\t\t<\/div>\n\t\t<div class=\"elementor-element elementor-element-223158c e-flex e-con-boxed e-con e-parent\" data-id=\"223158c\" data-element_type=\"container\" data-e-type=\"container\" data-settings=\"{&quot;background_background&quot;:&quot;classic&quot;}\">\n\t\t\t\t\t<div class=\"e-con-inner\">\n\t\t<div class=\"elementor-element elementor-element-a4bfb1d e-con-full e-flex e-con e-child\" data-id=\"a4bfb1d\" data-element_type=\"container\" data-e-type=\"container\">\n\t\t\t\t<div class=\"elementor-element elementor-element-095e251 elementor-widget elementor-widget-heading\" data-id=\"095e251\" data-element_type=\"widget\" data-e-type=\"widget\" data-widget_type=\"heading.default\">\n\t\t\t\t<div class=\"elementor-widget-container\">\n\t\t\t\t\t<h2 class=\"elementor-heading-title elementor-size-default\">Qu'est-ce qu'un PEB?<\/h2>\t\t\t\t<\/div>\n\t\t\t\t<\/div>\n\t\t\t\t<div class=\"elementor-element elementor-element-d87f96e elementor-widget elementor-widget-text-editor\" data-id=\"d87f96e\" data-element_type=\"widget\" data-e-type=\"widget\" data-widget_type=\"text-editor.default\">\n\t\t\t\t<div class=\"elementor-widget-container\">\n\t\t\t\t\t\t\t\t\t<p>Un PEB, ou un certificat de performance \u00e9nerg\u00e9tique, indique le degr\u00e9 d'efficacit\u00e9 \u00e9nerg\u00e9tique d'un b\u00e2timent ou d'une unit\u00e9 r\u00e9sidentielle. En tant que propri\u00e9taire, vous \u00eates tenu de pr\u00e9senter un certificat de performance \u00e9nerg\u00e9tique lors de la vente de votre bien ou de la conclusion d'un nouveau bail. De cette mani\u00e8re, l'acheteur ou le locataire potentiel peut tenir compte de l'efficacit\u00e9 \u00e9nerg\u00e9tique du bien.<\/p><p>Avec le PEB, le gouvernement vise \u00e0 encourager les citoyens et les organisations \u00e0 rendre leur b\u00e2timent ou leur unit\u00e9 r\u00e9sidentielle plus efficace sur le plan \u00e9nerg\u00e9tique. L'exigence d'un PEB s'applique \u00e9galement aux b\u00e2timents non r\u00e9sidentiels tels que les immeubles de bureaux ou les \u00e9coles.<\/p><p>Le gouvernement flamand effectue des contr\u00f4les al\u00e9atoires sur la pr\u00e9sence de le PEB. En cas d'irr\u00e9gularit\u00e9s, une amende, qui peut \u00eatre \u00e9lev\u00e9e, peut \u00eatre impos\u00e9e.<\/p><p>Vous souhaitez obtenir des informations plus d\u00e9taill\u00e9es sur le certificat PEB?<strong><a href=\"https:\/\/www.youtube.com\/watch?v=P_qF0u6M9Iw\" target=\"_blank\" rel=\"noopener\"> N'oubliez pas de consulter notre podcast<\/a>.<\/strong><\/p>\t\t\t\t\t\t\t\t<\/div>\n\t\t\t\t<\/div>\n\t\t\t\t<div class=\"elementor-element elementor-element-85a6a6a elementor-align-left elementor-widget elementor-widget-button\" data-id=\"85a6a6a\" data-element_type=\"widget\" data-e-type=\"widget\" data-widget_type=\"button.default\">\n\t\t\t\t<div class=\"elementor-widget-container\">\n\t\t\t\t\t\t\t\t\t<div class=\"elementor-button-wrapper\">\n\t\t\t\t\t<a class=\"elementor-button elementor-button-link elementor-size-sm\" href=\"\/fr\/quest-ce-quune-attestation-epc\/\">\n\t\t\t\t\t\t<span class=\"elementor-button-content-wrapper\">\n\t\t\t\t\t\t\t\t\t<span class=\"elementor-button-text\">En savoir plus<\/span>\n\t\t\t\t\t<\/span>\n\t\t\t\t\t<\/a>\n\t\t\t\t<\/div>\n\t\t\t\t\t\t\t\t<\/div>\n\t\t\t\t<\/div>\n\t\t\t\t<\/div>\n\t\t<div class=\"elementor-element elementor-element-1b4cc08 e-con-full e-flex e-con e-child\" data-id=\"1b4cc08\" data-element_type=\"container\" data-e-type=\"container\" data-settings=\"{&quot;background_background&quot;:&quot;classic&quot;}\">\n\t\t\t\t<\/div>\n\t\t\t\t\t<\/div>\n\t\t\t\t<\/div>\n\t\t<div class=\"elementor-element elementor-element-25a91d9 e-flex e-con-boxed e-con e-parent\" data-id=\"25a91d9\" data-element_type=\"container\" data-e-type=\"container\" data-settings=\"{&quot;background_background&quot;:&quot;classic&quot;}\">\n\t\t\t\t\t<div class=\"e-con-inner\">\n\t\t<div class=\"elementor-element elementor-element-5aa0fc9 e-con-full e-flex e-con e-child\" data-id=\"5aa0fc9\" data-element_type=\"container\" data-e-type=\"container\">\n\t\t\t\t<div class=\"elementor-element elementor-element-c0d3293 elementor-widget elementor-widget-heading\" data-id=\"c0d3293\" data-element_type=\"widget\" data-e-type=\"widget\" data-widget_type=\"heading.default\">\n\t\t\t\t<div class=\"elementor-widget-container\">\n\t\t\t\t\t<p class=\"elementor-heading-title elementor-size-default\">Simulation et estimation des co\u00fbts<\/p>\t\t\t\t<\/div>\n\t\t\t\t<\/div>\n\t\t\t\t<div class=\"elementor-element elementor-element-758cc5a elementor-widget elementor-widget-text-editor\" data-id=\"758cc5a\" data-element_type=\"widget\" data-e-type=\"widget\" data-widget_type=\"text-editor.default\">\n\t\t\t\t<div class=\"elementor-widget-container\">\n\t\t\t\t\t\t\t\t\t<p>Vous souhaitez am\u00e9liorer le score PEB de votre maison, mais vous ne savez pas par o\u00f9 commencer ? A l'aide d'une simulation et d'une estimation des co\u00fbts, nos experts peuvent montrer en d\u00e9tail quelles interventions auraient quel effet sur votre score PEB. Vous savez donc exactement quelles interventions vous pouvez effectuer pour am\u00e9liorer votre score PEB et combien cela vous co\u00fbterait.<\/p>\t\t\t\t\t\t\t\t<\/div>\n\t\t\t\t<\/div>\n\t\t\t\t<\/div>\n\t\t\t\t\t<\/div>\n\t\t\t\t<\/div>\n\t\t<div class=\"elementor-element elementor-element-07c5fa2 e-con-full e-flex e-con e-parent\" data-id=\"07c5fa2\" data-element_type=\"container\" data-e-type=\"container\">\n\t\t\t\t<div class=\"elementor-element elementor-element-fd1999b elementor-widget elementor-widget-image\" data-id=\"fd1999b\" data-element_type=\"widget\" data-e-type=\"widget\" data-widget_type=\"image.default\">\n\t\t\t\t<div class=\"elementor-widget-container\">\n\t\t\t\t\t\t\t\t\t\t\t\t\t\t\t<img decoding=\"async\" width=\"575\" height=\"606\" data-src=\"https:\/\/vastgoedexperts.be\/wp-content\/uploads\/2024\/08\/V-rechts1.png\" class=\"attachment-large size-large wp-image-928 lazyload\" alt=\"\" data-srcset=\"https:\/\/vastgoedexperts.be\/wp-content\/uploads\/2024\/08\/V-rechts1.png 575w, https:\/\/vastgoedexperts.be\/wp-content\/uploads\/2024\/08\/V-rechts1-285x300.png 285w\" data-sizes=\"(max-width: 575px) 100vw, 575px\" src=\"data:image\/svg+xml;base64,PHN2ZyB3aWR0aD0iMSIgaGVpZ2h0PSIxIiB4bWxucz0iaHR0cDovL3d3dy53My5vcmcvMjAwMC9zdmciPjwvc3ZnPg==\" style=\"--smush-placeholder-width: 575px; --smush-placeholder-aspect-ratio: 575\/606;\" \/>\t\t\t\t\t\t\t\t\t\t\t\t\t\t\t<\/div>\n\t\t\t\t<\/div>\n\t\t\t\t<\/div>\n\t\t<div class=\"elementor-element elementor-element-3002549 blue-h3 e-flex e-con-boxed e-con e-parent\" data-id=\"3002549\" data-element_type=\"container\" data-e-type=\"container\" data-settings=\"{&quot;background_background&quot;:&quot;classic&quot;}\">\n\t\t\t\t\t<div class=\"e-con-inner\">\n\t\t<div class=\"elementor-element elementor-element-d963990 e-con-full e-flex e-con e-child\" data-id=\"d963990\" data-element_type=\"container\" data-e-type=\"container\" data-settings=\"{&quot;background_background&quot;:&quot;classic&quot;}\">\n\t\t\t\t<\/div>\n\t\t<div class=\"elementor-element elementor-element-606bd94 e-con-full e-flex e-con e-child\" data-id=\"606bd94\" data-element_type=\"container\" data-e-type=\"container\">\n\t\t\t\t<div class=\"elementor-element elementor-element-296c7ef elementor-widget elementor-widget-heading\" data-id=\"296c7ef\" data-element_type=\"widget\" data-e-type=\"widget\" data-widget_type=\"heading.default\">\n\t\t\t\t<div class=\"elementor-widget-container\">\n\t\t\t\t\t<h2 class=\"elementor-heading-title elementor-size-default\">PEB des parties communes<\/h2>\t\t\t\t<\/div>\n\t\t\t\t<\/div>\n\t\t\t\t<div class=\"elementor-element elementor-element-b1d2f3f elementor-widget elementor-widget-text-editor\" data-id=\"b1d2f3f\" data-element_type=\"widget\" data-e-type=\"widget\" data-widget_type=\"text-editor.default\">\n\t\t\t\t<div class=\"elementor-widget-container\">\n\t\t\t\t\t\t\t\t\t<p>Le PEB pour les parties communes donne plus d'informations sur l'efficacit\u00e9 \u00e9nerg\u00e9tique des parties communes d'un immeuble d'habitation.<\/p><p>Les parties communes du b\u00e2timent comprennent le toit, les murs ext\u00e9rieurs et le sol. Les parties communes comprennent \u00e9galement les fen\u00eatres et les portes des espaces communs (de circulation) tels que le hall d'entr\u00e9e, le couloir ou un espace commun (de repos). \u00c0 partir de cinq unit\u00e9s r\u00e9sidentielles, l'\u00e9clairage est \u00e9galement inclus.<\/p><p>Outre l'enveloppe du b\u00e2timent, cela inclut les installations collectives de chauffage et de production d'eau chaude pr\u00e9sentes dans la chaufferie. Enfin, des donn\u00e9es sur les installations d'\u00e9nergie solaire sont \u00e9galement incluses.<\/p><h3>Quand un PEB pour les parties communes est-il obligatoire ?<\/h3><p>Depuis le 1er janvier 2024, un PEB pour les parties communes est obligatoire en Flandre pour tous les immeubles d'appartements comprenant deux unit\u00e9s r\u00e9sidentielles ou plus. Cette obligation est ind\u00e9pendante de la vente ou de la location.<\/p><p>Comme le PEB des parties communes sert de base aux PEB des appartements individuels d'un immeuble, il doit toujours \u00eatre \u00e0 jour. Un PEB des parties communes est valable 10 ans, mais doit \u00eatre renouvel\u00e9 en cas de r\u00e9novation \u00e9nerg\u00e9tique.<\/p>\t\t\t\t\t\t\t\t<\/div>\n\t\t\t\t<\/div>\n\t\t\t\t<\/div>\n\t\t\t\t\t<\/div>\n\t\t\t\t<\/div>\n\t\t<div class=\"elementor-element elementor-element-ed41da9 e-flex e-con-boxed e-con e-parent\" data-id=\"ed41da9\" data-element_type=\"container\" data-e-type=\"container\" id=\"aanvraag\" data-settings=\"{&quot;background_background&quot;:&quot;classic&quot;}\">\n\t\t\t\t\t<div class=\"e-con-inner\">\n\t\t<div class=\"elementor-element elementor-element-1eebe98 e-con-full e-flex e-con e-child\" data-id=\"1eebe98\" data-element_type=\"container\" data-e-type=\"container\" data-settings=\"{&quot;background_background&quot;:&quot;classic&quot;}\">\n\t\t\t\t<div class=\"elementor-element elementor-element-21c9e5a elementor-widget elementor-widget-heading\" data-id=\"21c9e5a\" data-element_type=\"widget\" data-e-type=\"widget\" data-widget_type=\"heading.default\">\n\t\t\t\t<div class=\"elementor-widget-container\">\n\t\t\t\t\t<h2 class=\"elementor-heading-title elementor-size-default\">Planifiez facilement d\u00e8s maintenant <span class=\"mobile-break\"><\/br><\/span>votre rendez-vous en<\/h2>\t\t\t\t<\/div>\n\t\t\t\t<\/div>\n\t\t\t\t<div class=\"elementor-element elementor-element-2f51002 elementor-widget elementor-widget-text-editor\" data-id=\"2f51002\" data-element_type=\"widget\" data-e-type=\"widget\" data-widget_type=\"text-editor.default\">\n\t\t\t\t<div class=\"elementor-widget-container\">\n\t\t\t\t\t\t\t\t\tVastgoedexperts s'adressent aussi bien aux professionnels qu'aux particuliers. <\/br>Faites votre choix ci-dessous et nous vous aiderons rapidement !\t\t\t\t\t\t\t\t<\/div>\n\t\t\t\t<\/div>\n\t\t<div class=\"elementor-element elementor-element-4eedcff e-con-full e-flex e-con e-child\" data-id=\"4eedcff\" data-element_type=\"container\" data-e-type=\"container\">\n\t\t\t\t<div class=\"elementor-element elementor-element-2118509 elementor-align-left elementor-widget elementor-widget-button\" data-id=\"2118509\" data-element_type=\"widget\" data-e-type=\"widget\" data-widget_type=\"button.default\">\n\t\t\t\t<div class=\"elementor-widget-container\">\n\t\t\t\t\t\t\t\t\t<div class=\"elementor-button-wrapper\">\n\t\t\t\t\t<a class=\"elementor-button elementor-button-link elementor-size-sm\" href=\"#popup\">\n\t\t\t\t\t\t<span class=\"elementor-button-content-wrapper\">\n\t\t\t\t\t\t\t\t\t<span class=\"elementor-button-text\">Demandez une expertise PEB<\/span>\n\t\t\t\t\t<\/span>\n\t\t\t\t\t<\/a>\n\t\t\t\t<\/div>\n\t\t\t\t\t\t\t\t<\/div>\n\t\t\t\t<\/div>\n\t\t\t\t<\/div>\n\t\t\t\t<\/div>\n\t\t\t\t\t<\/div>\n\t\t\t\t<\/div>\n\t\t\t\t<\/div>","protected":false},"excerpt":{"rendered":"<p>EPC Keuring Vraag nu je EPC keuring aan EPC keuring aanvragen Wat is een EPC? Een EPC, ofwel een energieprestatiecertificaat, geeft aan hoe energiezuinig een gebouw of wooneenheid is. Je bent als eigenaar verplicht een EPC attest te kunnen voorleggen als je je eigendom verkoopt of als er een nieuw huurcontract wordt afgesloten. Op die [&hellip;]<\/p>\n","protected":false},"author":2,"featured_media":0,"parent":0,"menu_order":0,"comment_status":"closed","ping_status":"closed","template":"","meta":{"_acf_changed":false,"site-sidebar-layout":"no-sidebar","site-content-layout":"page-builder","ast-site-content-layout":"full-width-container","site-content-style":"default","site-sidebar-style":"default","ast-global-header-display":"","ast-banner-title-visibility":"","ast-main-header-display":"","ast-hfb-above-header-display":"","ast-hfb-below-header-display":"","ast-hfb-mobile-header-display":"","site-post-title":"disabled","ast-breadcrumbs-content":"","ast-featured-img":"disabled","footer-sml-layout":"","ast-disable-related-posts":"","theme-transparent-header-meta":"default","adv-header-id-meta":"","stick-header-meta":"","header-above-stick-meta":"","header-main-stick-meta":"","header-below-stick-meta":"","astra-migrate-meta-layouts":"set","ast-page-background-enabled":"default","ast-page-background-meta":{"desktop":{"background-color":"var(--ast-global-color-4)","background-image":"","background-repeat":"repeat","background-position":"center center","background-size":"auto","background-attachment":"scroll","background-type":"","background-media":"","overlay-type":"","overlay-color":"","overlay-opacity":"","overlay-gradient":""},"tablet":{"background-color":"","background-image":"","background-repeat":"repeat","background-position":"center center","background-size":"auto","background-attachment":"scroll","background-type":"","background-media":"","overlay-type":"","overlay-color":"","overlay-opacity":"","overlay-gradient":""},"mobile":{"background-color":"","background-image":"","background-repeat":"repeat","background-position":"center center","background-size":"auto","background-attachment":"scroll","background-type":"","background-media":"","overlay-type":"","overlay-color":"","overlay-opacity":"","overlay-gradient":""}},"ast-content-background-meta":{"desktop":{"background-color":"var(--ast-global-color-5)","background-image":"","background-repeat":"repeat","background-position":"center center","background-size":"auto","background-attachment":"scroll","background-type":"","background-media":"","overlay-type":"","overlay-color":"","overlay-opacity":"","overlay-gradient":""},"tablet":{"background-color":"var(--ast-global-color-5)","background-image":"","background-repeat":"repeat","background-position":"center center","background-size":"auto","background-attachment":"scroll","background-type":"","background-media":"","overlay-type":"","overlay-color":"","overlay-opacity":"","overlay-gradient":""},"mobile":{"background-color":"var(--ast-global-color-5)","background-image":"","background-repeat":"repeat","background-position":"center center","background-size":"auto","background-attachment":"scroll","background-type":"","background-media":"","overlay-type":"","overlay-color":"","overlay-opacity":"","overlay-gradient":""}},"footnotes":""},"class_list":["post-989","page","type-page","status-publish","hentry"],"acf":[],"_links":{"self":[{"href":"https:\/\/vastgoedexperts.be\/fr\/wp-json\/wp\/v2\/pages\/989","targetHints":{"allow":["GET"]}}],"collection":[{"href":"https:\/\/vastgoedexperts.be\/fr\/wp-json\/wp\/v2\/pages"}],"about":[{"href":"https:\/\/vastgoedexperts.be\/fr\/wp-json\/wp\/v2\/types\/page"}],"author":[{"embeddable":true,"href":"https:\/\/vastgoedexperts.be\/fr\/wp-json\/wp\/v2\/users\/2"}],"replies":[{"embeddable":true,"href":"https:\/\/vastgoedexperts.be\/fr\/wp-json\/wp\/v2\/comments?post=989"}],"version-history":[{"count":289,"href":"https:\/\/vastgoedexperts.be\/fr\/wp-json\/wp\/v2\/pages\/989\/revisions"}],"predecessor-version":[{"id":4164,"href":"https:\/\/vastgoedexperts.be\/fr\/wp-json\/wp\/v2\/pages\/989\/revisions\/4164"}],"wp:attachment":[{"href":"https:\/\/vastgoedexperts.be\/fr\/wp-json\/wp\/v2\/media?parent=989"}],"curies":[{"name":"wp","href":"https:\/\/api.w.org\/{rel}","templated":true}]}}